{"id":11,"date":"2020-03-23T10:16:13","date_gmt":"2020-03-23T10:16:13","guid":{"rendered":"http:\/\/bieler-akademie.de\/?page_id=11"},"modified":"2023-10-09T20:43:21","modified_gmt":"2023-10-09T20:43:21","slug":"home","status":"publish","type":"page","link":"https:\/\/bieler-akademie.de\/","title":{"rendered":"Home"},"content":{"rendered":"<p>[et_pb_section fb_built=&#8220;1&#8243; _builder_version=&#8220;4.16&#8243; custom_padding=&#8220;8px|||||&#8220; global_colors_info=&#8220;{}&#8220;][et_pb_row _builder_version=&#8220;4.16&#8243; background_color=&#8220;#000000&#8243; width=&#8220;90%&#8220; custom_margin=&#8220;0px||||false|false&#8220; custom_padding=&#8220;6px||6px|0px|false|false&#8220; global_colors_info=&#8220;{}&#8220;][et_pb_column type=&#8220;4_4&#8243; _builder_version=&#8220;4.16&#8243; global_colors_info=&#8220;{}&#8220;][et_pb_image src=&#8220;https:\/\/bieler-akademie.de\/wp-content\/uploads\/2020\/03\/Ida-Bieler-home3.jpg&#8220; align=&#8220;center&#8220; disabled_on=&#8220;on|off|off&#8220; _builder_version=&#8220;4.16&#8243; width=&#8220;99%&#8220; border_width_all=&#8220;12px&#8220; border_color_all=&#8220;#ffffff&#8220; global_colors_info=&#8220;{}&#8220;][\/et_pb_image][\/et_pb_column][\/et_pb_row][\/et_pb_section][et_pb_section fb_built=&#8220;1&#8243; _builder_version=&#8220;4.16&#8243; custom_padding=&#8220;0px|||||&#8220; global_colors_info=&#8220;{}&#8220;][et_pb_row column_structure=&#8220;2_3,1_3&#8243; _builder_version=&#8220;4.16&#8243; global_colors_info=&#8220;{}&#8220;][et_pb_column type=&#8220;2_3&#8243; _builder_version=&#8220;4.16&#8243; global_colors_info=&#8220;{}&#8220;][et_pb_text _builder_version=&#8220;4.16&#8243; header_2_font=&#8220;|700|||||||&#8220; header_2_font_size=&#8220;24px&#8220; header_2_line_height=&#8220;1.2em&#8220; header_3_font=&#8220;|600|||||||&#8220; header_3_font_size=&#8220;20px&#8220; custom_margin=&#8220;||80px|||&#8220; global_colors_info=&#8220;{}&#8220;]<\/p>\n<h2 style=\"text-align: justify;\">Willkommen<\/h2>\n<p>&nbsp;<\/p>\n<div>\n<div class=\"js-view-dom-id-84df7ff224802149251435a28af40995e0f7c62027c5469b9e7856c9c657d66d\">\n<div class=\"views-row\">\n<div class=\"views-field views-field-body content-wrapper\">\n<h3 style=\"text-align: justify;\">Unsere Musikschule<\/h3>\n<p style=\"text-align: justify;\">F\u00fcr Kinder und Erwachsene geh\u00f6rt das Musizieren zu den gr\u00f6\u00dften Freuden.<\/p>\n<p style=\"text-align: justify;\">Unsere qualifizierte Musikschule mit dem Namen und mit der Unterst\u00fctzung der ber\u00fchmten\u00a0Geigerin Prof. Ida Bieler bietet Ihnen und Ihren Kindern die M\u00f6glichkeit, die Welt der\u00a0Instrumente und Musik zu entdecken.<\/p>\n<p style=\"text-align: justify;\">Unsere exzellenten und vielfach ausgezeichneten Musiklehrer helfen individuell Ihnen und Ihrem Kind, das gew\u00fcnschte Instrument zu erlernen und zu beherrschen. Die Musiker unseres Teams verf\u00fcgen \u00fcber die Qualifikation, Ihr Kind von der Anfangsstufe bis zur Vorbereitung auf ein Musikstudium zu betreuen. Wir unterrichten nach einem bew\u00e4hrten Konzept, das in Zusammenarbeit mit Prof. Ida Bieler erarbeitet wurde.<\/p>\n<h3 style=\"text-align: justify;\">Studienangebot, Konzerte und Meisterkurse<\/h3>\n<p style=\"text-align: justify;\">F\u00fcr die Motivation und die Musizierfreude der Sch\u00fcler ist das gemeinsame Musizieren von gro\u00dfer Bedeutung. Wir f\u00fchren die Sch\u00fcler so fr\u00fch wie m\u00f6glich im Orchester und in Ensembles\u00a0\u2026<\/p>\n<p style=\"text-align: justify;\">mehr<a href=\"https:\/\/www.bieler-akademie.com\/de\/profile\/6280\/info\" class=\"views-more-link\"><\/a><\/p>\n<\/div>\n<\/div>\n<\/div>\n<\/div>\n<p>[\/et_pb_text][\/et_pb_column][et_pb_column type=&#8220;1_3&#8243; _builder_version=&#8220;4.16&#8243; global_colors_info=&#8220;{}&#8220;][et_pb_text _builder_version=&#8220;4.16&#8243; header_2_font=&#8220;|700|||||||&#8220; header_2_font_size=&#8220;24px&#8220; header_2_line_height=&#8220;1.2em&#8220; header_3_font=&#8220;|600|||||||&#8220; header_3_font_size=&#8220;20px&#8220; min_height=&#8220;25px&#8220; custom_padding=&#8220;||0px|||&#8220; global_colors_info=&#8220;{}&#8220;]<\/p>\n<h2 style=\"text-align: justify;\">News<\/h2>\n<p>&nbsp;<\/p>\n<div>\n<div class=\"js-view-dom-id-84df7ff224802149251435a28af40995e0f7c62027c5469b9e7856c9c657d66d\">\n<div class=\"views-row\">\n<div class=\"views-field views-field-body content-wrapper\">\n<p style=\"text-align: justify;\"><a href=\"https:\/\/www.bieler-akademie.com\/de\/profile\/6280\/info\" class=\"views-more-link\"><\/a><\/p>\n<\/div>\n<\/div>\n<\/div>\n<\/div>\n<p>[\/et_pb_text][et_pb_blog show_thumbnail=&#8220;off&#8220; excerpt_length=&#8220;150&#8243; show_author=&#8220;off&#8220; show_date=&#8220;off&#8220; show_categories=&#8220;off&#8220; show_pagination=&#8220;off&#8220; _builder_version=&#8220;4.16&#8243; custom_margin=&#8220;-37px|||||&#8220; global_colors_info=&#8220;{}&#8220;][\/et_pb_blog][et_pb_cta title=&#8220;Folgen Sie uns auf Facebook&#8220; button_url=&#8220;https:\/\/www.facebook.com\/IdaBielerMusicAcademy\/&#8220; url_new_window=&#8220;on&#8220; button_text=&#8220;f&#8220; _builder_version=&#8220;4.16&#8243; _module_preset=&#8220;default&#8220; header_font_size=&#8220;18px&#8220; custom_button=&#8220;on&#8220; button_text_size=&#8220;20px&#8220; button_border_radius=&#8220;4px&#8220; button_letter_spacing=&#8220;0px&#8220; button_font=&#8220;|800|||||||&#8220; button_alignment=&#8220;center&#8220; button_custom_margin=&#8220;-15px||||false|false&#8220; button_custom_padding=&#8220;||||false|false&#8220; custom_margin=&#8220;0px||||false|false&#8220; custom_padding=&#8220;20px||20px||false|false&#8220; global_colors_info=&#8220;{}&#8220;][\/et_pb_cta][\/et_pb_column][\/et_pb_row][\/et_pb_section]<\/p>\n","protected":false},"excerpt":{"rendered":"<p>Willkommen &nbsp; Unsere Musikschule F\u00fcr Kinder und Erwachsene geh\u00f6rt das Musizieren zu den gr\u00f6\u00dften Freuden. Unsere qualifizierte Musikschule mit dem Namen und mit der Unterst\u00fctzung der ber\u00fchmten\u00a0Geigerin Prof. Ida Bieler bietet Ihnen und Ihren Kindern die M\u00f6glichkeit, die Welt der\u00a0Instrumente und Musik zu entdecken. Unsere exzellenten und vielfach ausgezeichneten Musiklehrer helfen individuell Ihnen und Ihrem [&hellip;]<\/p>\n","protected":false},"author":1,"featured_media":0,"parent":0,"menu_order":0,"comment_status":"closed","ping_status":"closed","template":"","meta":{"_et_pb_use_builder":"on","_et_pb_old_content":"","_et_gb_content_width":"","footnotes":""},"_links":{"self":[{"href":"https:\/\/bieler-akademie.de\/index.php?rest_route=\/wp\/v2\/pages\/11"}],"collection":[{"href":"https:\/\/bieler-akademie.de\/index.php?rest_route=\/wp\/v2\/pages"}],"about":[{"href":"https:\/\/bieler-akademie.de\/index.php?rest_route=\/wp\/v2\/types\/page"}],"author":[{"embeddable":true,"href":"https:\/\/bieler-akademie.de\/index.php?rest_route=\/wp\/v2\/users\/1"}],"replies":[{"embeddable":true,"href":"https:\/\/bieler-akademie.de\/index.php?rest_route=%2Fwp%2Fv2%2Fcomments&post=11"}],"version-history":[{"count":14,"href":"https:\/\/bieler-akademie.de\/index.php?rest_route=\/wp\/v2\/pages\/11\/revisions"}],"predecessor-version":[{"id":951,"href":"https:\/\/bieler-akademie.de\/index.php?rest_route=\/wp\/v2\/pages\/11\/revisions\/951"}],"wp:attachment":[{"href":"https:\/\/bieler-akademie.de\/index.php?rest_route=%2Fwp%2Fv2%2Fmedia&parent=11"}],"curies":[{"name":"wp","href":"https:\/\/api.w.org\/{rel}","templated":true}]}}