{"id":150,"date":"2020-03-24T16:32:33","date_gmt":"2020-03-24T16:32:33","guid":{"rendered":"http:\/\/bieler-akademie.de\/?page_id=150"},"modified":"2020-04-01T16:23:01","modified_gmt":"2020-04-01T16:23:01","slug":"eugenia-ottaviano-violine","status":"publish","type":"page","link":"https:\/\/bieler-akademie.de\/?page_id=150","title":{"rendered":"Eugenia Ottaviano, Violine"},"content":{"rendered":"<p>[et_pb_section fb_built=&#8220;1&#8243; _builder_version=&#8220;4.4.1&#8243; custom_padding=&#8220;0px|||||&#8220;][et_pb_row _builder_version=&#8220;4.4.1&#8243; background_color=&#8220;#000000&#8243; width=&#8220;90%&#8220; custom_margin=&#8220;0px||||false|false&#8220; custom_padding=&#8220;6px||6px|0px|false|false&#8220;][et_pb_column type=&#8220;4_4&#8243; _builder_version=&#8220;4.4.1&#8243;][et_pb_image src=&#8220;http:\/\/bieler-akademie.de\/wp-content\/uploads\/2020\/03\/Ida-Bieler-dozenten.jpg&#8220; align=&#8220;center&#8220; _builder_version=&#8220;4.4.1&#8243; width=&#8220;99%&#8220; hover_enabled=&#8220;0&#8243; border_width_all=&#8220;12px&#8220; border_color_all=&#8220;#ffffff&#8220; disabled_on=&#8220;on|off|off&#8220;][\/et_pb_image][\/et_pb_column][\/et_pb_row][et_pb_row column_structure=&#8220;1_4,3_4&#8243; _builder_version=&#8220;4.4.1&#8243; custom_padding=&#8220;50px|||||&#8220;][et_pb_column type=&#8220;1_4&#8243; _builder_version=&#8220;4.4.1&#8243;][et_pb_sidebar _builder_version=&#8220;4.4.1&#8243;][\/et_pb_sidebar][et_pb_sidebar area=&#8220;et_pb_widget_area_1&#8243; disabled_on=&#8220;on|on|off&#8220; _builder_version=&#8220;4.4.1&#8243; header_font=&#8220;|600|||||||&#8220; header_text_color=&#8220;#000000&#8243; header_line_height=&#8220;1.5em&#8220; body_text_color=&#8220;#000000&#8243; body_line_height=&#8220;2.4em&#8220; width_tablet=&#8220;auto&#8220; width_phone=&#8220;&#8220; width_last_edited=&#8220;on|tablet&#8220; border_color_left=&#8220;#bf354c&#8220;][\/et_pb_sidebar][\/et_pb_column][et_pb_column type=&#8220;3_4&#8243; _builder_version=&#8220;4.4.1&#8243;][et_pb_text _builder_version=&#8220;4.4.1&#8243; max_width_tablet=&#8220;100%&#8220; max_width_phone=&#8220;&#8220; max_width_last_edited=&#8220;on|tablet&#8220; module_alignment=&#8220;left&#8220;]<\/p>\n<h1>Eugenia Ottaviano, Violine<\/h1>\n<p>[\/et_pb_text][et_pb_image src=&#8220;http:\/\/bieler-akademie.de\/wp-content\/uploads\/2020\/03\/eugenia_ottaviano.jpg&#8220; _builder_version=&#8220;4.4.1&#8243; width=&#8220;100%&#8220; max_width=&#8220;296px&#8220;][\/et_pb_image][et_pb_text _builder_version=&#8220;4.4.1&#8243;]<\/p>\n<p style=\"text-align: justify;\">Eugenia Ottaviano wurde in Terni (Italien) geboren. Sie begann mit sieben Jahren Geige zu spielen, zun\u00e4chst bei Judith Hamsa und sp\u00e4ter bei Fulvio Liviabella vom Orchestra della Scala in Milano. Danach folgte ein Studium an der ber\u00fchmten Walter Stauffer Akademie in Cremona bei Prof. Salvatore Accardo (Diplom 2001 mit Auszeichnung). 2001 setzte sie ihr Studium an der K\u00f6lner Musikhochschule bei Charles Andr\u00e9 Linale und Keiko Wataya fort, wo sie 2005 ihr Diplom mit Bestnote erwarb. Kammermusik studierte sie bei Prof. E. Cantor. Im Jahr 2013 schloss \u00a0 Eugenia ihr Aufbaustudium bei Prof. Ida Bieler an der Robert Schumann Hochschule D\u00fcsseldorf mit Bestnote ab. Zur Zeit studiert sie mit dem von ihr gegr\u00fcndeten Streichquartett Alinde\u00a0an der Musikhochschule Hanns Eisler in Berlin bei Prof. Feltz.<\/p>\n<p style=\"text-align: justify;\">Meisterkurse f\u00fchrten sie dar\u00fcber hinaus zu u.a. L. Mordkovich, A. Dill, J. Epstein, A. Oprean, sowie L.Mangiocavallo und M. Brandao (Barockvioline) und mit dem Alinde-Quartett zu J\u00f6rg Widmann, G\u00fcnter Pichler, Arnold Steinhardt, Christoph Richter, Wolfgang Rihm, J\u00fcrgen Kussmaul, Ida Bieler, Harald Schoneweg, dem Mannheimer Streichquartett und dem Auryn Quartett u. A. \u00a0<\/p>\n<p style=\"text-align: justify;\">Eugenia Ottaviano ist Preistr\u00e4gerin zahlreicher Wettbewerbe, u.a. 2010 des renommierten \u201eSchmolz und Bickenbach\u201c-Wettbewerb in D\u00fcsseldorf (Alinde-Quartett) und\u00a0 des internationalen \u201ePinerolo\u201c-Kammermusikwettbewerbs (Alinde-Quartett).\u00a0 Sie hat ein besonderes Interesse f\u00fcr Kammermusik und spielte, au\u00dfer im Alinde-Quartett, in einem Klaviertrio, als Duo mit Klavier (u.A. mit James Maddox) und mit vielen renommierten K\u00fcnstlern wie Ida Bieler, Oren Shevlin, J\u00fcrgen Kussmaul\u00a0 und Alexander H\u00fclshoff. Sie konzertiert regelm\u00e4\u00dfig als Kammermusikerin und Solistin im europ\u00e4ischem Raum.\u00a0<\/p>\n<p style=\"text-align: justify;\">Eugenia Ottaviano spielte auch in vielen Orchestern, z.B. im Orchestra da Camera Italiana (S. Accardo), in der Camerata Finlandia (J. Panula) und, als Konzertmeisterin sowie Solistin, im Orchestra Sinfonica Giovanile della Marsica. In den Jahren 2013 und 2014 spielte sie im WDR Sinfonierorchester K\u00f6ln erste und zweite Violine.<\/p>\n<p style=\"text-align: justify;\">Eugenia Ottaviano hat in mehreren Musikschulen in Deutschland unterrichtet. Sie arbeitet seit l\u00e4ngerem als Assistentin von Prof. Ida Bieler und leitet gemeinsam mit Victor Haustein die \u201eIda Bieler Music Academy&#8220;\u00a0in K\u00f6ln.\u00a0<\/p>\n<p>[\/et_pb_text][\/et_pb_column][\/et_pb_row][\/et_pb_section]<\/p>\n","protected":false},"excerpt":{"rendered":"<p>Eugenia Ottaviano, ViolineEugenia Ottaviano wurde in Terni (Italien) geboren. Sie begann mit sieben Jahren Geige zu spielen, zun\u00e4chst bei Judith Hamsa und sp\u00e4ter bei Fulvio Liviabella vom Orchestra della Scala in Milano. Danach folgte ein Studium an der ber\u00fchmten Walter Stauffer Akademie in Cremona bei Prof. Salvatore Accardo (Diplom 2001 mit Auszeichnung). 2001 setzte sie [&hellip;]<\/p>\n","protected":false},"author":1,"featured_media":0,"parent":0,"menu_order":0,"comment_status":"closed","ping_status":"closed","template":"","meta":{"_et_pb_use_builder":"on","_et_pb_old_content":"","_et_gb_content_width":"","footnotes":""},"_links":{"self":[{"href":"https:\/\/bieler-akademie.de\/index.php?rest_route=\/wp\/v2\/pages\/150"}],"collection":[{"href":"https:\/\/bieler-akademie.de\/index.php?rest_route=\/wp\/v2\/pages"}],"about":[{"href":"https:\/\/bieler-akademie.de\/index.php?rest_route=\/wp\/v2\/types\/page"}],"author":[{"embeddable":true,"href":"https:\/\/bieler-akademie.de\/index.php?rest_route=\/wp\/v2\/users\/1"}],"replies":[{"embeddable":true,"href":"https:\/\/bieler-akademie.de\/index.php?rest_route=%2Fwp%2Fv2%2Fcomments&post=150"}],"version-history":[{"count":4,"href":"https:\/\/bieler-akademie.de\/index.php?rest_route=\/wp\/v2\/pages\/150\/revisions"}],"predecessor-version":[{"id":696,"href":"https:\/\/bieler-akademie.de\/index.php?rest_route=\/wp\/v2\/pages\/150\/revisions\/696"}],"wp:attachment":[{"href":"https:\/\/bieler-akademie.de\/index.php?rest_route=%2Fwp%2Fv2%2Fmedia&parent=150"}],"curies":[{"name":"wp","href":"https:\/\/api.w.org\/{rel}","templated":true}]}}