{"id":158,"date":"2020-03-24T16:39:50","date_gmt":"2020-03-24T16:39:50","guid":{"rendered":"http:\/\/bieler-akademie.de\/?page_id=158"},"modified":"2020-04-01T16:32:44","modified_gmt":"2020-04-01T16:32:44","slug":"prof-ida-bieler-violine-gastdozentin","status":"publish","type":"page","link":"https:\/\/bieler-akademie.de\/?page_id=158","title":{"rendered":"Prof. Ida Bieler, Violine, Gastdozentin"},"content":{"rendered":"<p>[et_pb_section fb_built=&#8220;1&#8243; _builder_version=&#8220;4.4.1&#8243; custom_padding=&#8220;0px|||||&#8220;][et_pb_row _builder_version=&#8220;4.4.1&#8243; background_color=&#8220;#000000&#8243; width=&#8220;90%&#8220; custom_margin=&#8220;0px||||false|false&#8220; custom_padding=&#8220;6px||6px|0px|false|false&#8220;][et_pb_column type=&#8220;4_4&#8243; _builder_version=&#8220;4.4.1&#8243;][et_pb_image src=&#8220;http:\/\/bieler-akademie.de\/wp-content\/uploads\/2020\/03\/Ida-Bieler-dozenten.jpg&#8220; align=&#8220;center&#8220; _builder_version=&#8220;4.4.1&#8243; width=&#8220;99%&#8220; hover_enabled=&#8220;0&#8243; border_width_all=&#8220;12px&#8220; border_color_all=&#8220;#ffffff&#8220; disabled_on=&#8220;on|off|off&#8220;][\/et_pb_image][\/et_pb_column][\/et_pb_row][et_pb_row column_structure=&#8220;1_4,3_4&#8243; _builder_version=&#8220;4.4.1&#8243; custom_padding=&#8220;50px|||||&#8220;][et_pb_column type=&#8220;1_4&#8243; _builder_version=&#8220;4.4.1&#8243;][et_pb_sidebar _builder_version=&#8220;4.4.1&#8243;][\/et_pb_sidebar][et_pb_sidebar area=&#8220;et_pb_widget_area_1&#8243; disabled_on=&#8220;on|on|off&#8220; _builder_version=&#8220;4.4.1&#8243; header_font=&#8220;|600|||||||&#8220; header_text_color=&#8220;#000000&#8243; header_line_height=&#8220;1.5em&#8220; body_text_color=&#8220;#000000&#8243; body_line_height=&#8220;2.4em&#8220; width_tablet=&#8220;auto&#8220; width_phone=&#8220;&#8220; width_last_edited=&#8220;on|tablet&#8220; border_color_left=&#8220;#bf354c&#8220;][\/et_pb_sidebar][\/et_pb_column][et_pb_column type=&#8220;3_4&#8243; _builder_version=&#8220;4.4.1&#8243;][et_pb_text _builder_version=&#8220;4.4.1&#8243; max_width_tablet=&#8220;100%&#8220; max_width_phone=&#8220;&#8220; max_width_last_edited=&#8220;on|tablet&#8220; module_alignment=&#8220;left&#8220;]<\/p>\n<h1>Prof. Ida Bieler, Violine, Gastdonzentin<\/h1>\n<p>[\/et_pb_text][et_pb_image src=&#8220;http:\/\/bieler-akademie.de\/wp-content\/uploads\/2020\/03\/Ida-Bieler-Foto.jpg&#8220; _builder_version=&#8220;4.4.1&#8243; width=&#8220;100%&#8220; max_width=&#8220;296px&#8220;][\/et_pb_image][et_pb_text _builder_version=&#8220;4.4.1&#8243;]<\/p>\n<p style=\"text-align: justify;\"><span>Die amerikanische Geigerin <strong>Ida Bieler<\/strong> hat im Laufe ihrer ungew\u00f6hnlichen Karriere Ma\u00dfst\u00e4be als Musikerin mit au\u00dfergew\u00f6hnlichem Repertoireumfang gesetzt. Ida Bielers Karriere begann mit dem Gewinn internationaler Wettbewerbe auf drei Kontinenten. Seit diesem fulminanten Start konzertiert sie weltweit in den wichtigsten Musikzentren, ist Gast bei internationalen Festivals und hat zahlreiche Radio-und Fernsehaufnahmen eingespielt. <\/span><\/p>\n<p style=\"text-align: justify;\">Der k\u00fcnstlerische Werdegang von Ida Bieler ist besonders gekennzeichnet durch Darbietungen und Aufnahmen vollst\u00e4ndiger Werkzyklen, von den Solo-Sonaten und Partiten von Bach bis zu den gesamten Sonaten von Bart\u00f3k, Hindemith, Corigliano und Penderecki. Ihre CD-Produktionen <span>zeugen von ihrer solistischen und kammermusikalischen Vielseitigkeit und wurden mit dem Cannes Classical Award, dem Echo Klassik Preis, dem Fono Forum \u201eStern des Monats\u201c, The Strad\u2019s \u201eChamber Music Selection of the Month\u201c und Frankreichs \u201eRepertoire 10\u201c ausgezeichnet.<\/span><\/p>\n<p style=\"text-align: justify;\"><span>Von 1983 bis 1988 war Ida Bieler Konzertmeisterin beim G\u00fcrzenich Orchester K\u00f6ln. Sie war von 1993 bis zu seinem Abschied von der B\u00fchne 2005 Mitglied in Deutschlands legend\u00e4rem Melos Quartett und von 2001 bis 2015 Geigerin des Xyrion Klaviertrios.<\/span><\/p>\n<p style=\"text-align: justify;\"><span>Als eine der erfolgreichsten und gesuchtesten Violinp\u00e4dagoginnen in Europa ist Ida Bieler in zahlreichen Gremien und Jurys t\u00e4tig und gibt regelm\u00e4\u00dfig Meisterkurse. 1988 \u00fcbernahm sie eine Professur an der Hochschule f\u00fcr Musik und Darstellende Kunst in Frankfurt. Seit 1993 leitet sie die Meisterklasse f\u00fcr Violine an der Robert-Schumann-Hochschule D\u00fcsseldorf. Von 2005 bis 2007 war sie Gastprofessorin f\u00fcr Violine und Kammermusik an der Guildhall School of Music and Drama in London. Seit 2009 hat sie eine Gastprofessor an der Universit\u00e4t f\u00fcr Musik und Darstellende Kunst Graz, \u00d6sterreich inne und ist seit 2013 Mitglied der Streicherfakult\u00e4t an der University of North Carolina School of the Arts (UNCSA), USA. 2015 wurde sie k\u00fcnstlerische Leiterin des Chrysalis Chamber Music Institutes an der UNCSA.<\/span><\/p>\n<p style=\"text-align: justify;\"><span>Ida Bieler spielt eine Meistervioline von Thomas Balestrieri Cremonensis, Fecit Mantuae. Anno 1753.<\/span><\/p>\n<p>[\/et_pb_text][\/et_pb_column][\/et_pb_row][\/et_pb_section]<\/p>\n","protected":false},"excerpt":{"rendered":"<p>Prof. Ida Bieler, Violine, GastdonzentinDie amerikanische Geigerin Ida Bieler hat im Laufe ihrer ungew\u00f6hnlichen Karriere Ma\u00dfst\u00e4be als Musikerin mit au\u00dfergew\u00f6hnlichem Repertoireumfang gesetzt. Ida Bielers Karriere begann mit dem Gewinn internationaler Wettbewerbe auf drei Kontinenten. Seit diesem fulminanten Start konzertiert sie weltweit in den wichtigsten Musikzentren, ist Gast bei internationalen Festivals und hat zahlreiche Radio-und Fernsehaufnahmen [&hellip;]<\/p>\n","protected":false},"author":1,"featured_media":0,"parent":0,"menu_order":0,"comment_status":"closed","ping_status":"closed","template":"","meta":{"_et_pb_use_builder":"on","_et_pb_old_content":"","_et_gb_content_width":"","footnotes":""},"_links":{"self":[{"href":"https:\/\/bieler-akademie.de\/index.php?rest_route=\/wp\/v2\/pages\/158"}],"collection":[{"href":"https:\/\/bieler-akademie.de\/index.php?rest_route=\/wp\/v2\/pages"}],"about":[{"href":"https:\/\/bieler-akademie.de\/index.php?rest_route=\/wp\/v2\/types\/page"}],"author":[{"embeddable":true,"href":"https:\/\/bieler-akademie.de\/index.php?rest_route=\/wp\/v2\/users\/1"}],"replies":[{"embeddable":true,"href":"https:\/\/bieler-akademie.de\/index.php?rest_route=%2Fwp%2Fv2%2Fcomments&post=158"}],"version-history":[{"count":5,"href":"https:\/\/bieler-akademie.de\/index.php?rest_route=\/wp\/v2\/pages\/158\/revisions"}],"predecessor-version":[{"id":733,"href":"https:\/\/bieler-akademie.de\/index.php?rest_route=\/wp\/v2\/pages\/158\/revisions\/733"}],"wp:attachment":[{"href":"https:\/\/bieler-akademie.de\/index.php?rest_route=%2Fwp%2Fv2%2Fmedia&parent=158"}],"curies":[{"name":"wp","href":"https:\/\/api.w.org\/{rel}","templated":true}]}}