{"id":172,"date":"2020-03-24T16:46:42","date_gmt":"2020-03-24T16:46:42","guid":{"rendered":"http:\/\/bieler-akademie.de\/?page_id=172"},"modified":"2025-01-15T08:53:02","modified_gmt":"2025-01-15T08:53:02","slug":"marie-louise-wundling-violoncello","status":"publish","type":"page","link":"https:\/\/bieler-akademie.de\/?page_id=172","title":{"rendered":"Josefina Guilleminot, Gitarre\/Musiktheorie"},"content":{"rendered":"<p>[et_pb_section fb_built=&#8220;1&#8243; _builder_version=&#8220;4.16&#8243; custom_padding=&#8220;0px|||||&#8220; global_colors_info=&#8220;{}&#8220;][et_pb_row _builder_version=&#8220;4.16&#8243; background_color=&#8220;#000000&#8243; width=&#8220;90%&#8220; custom_margin=&#8220;0px||||false|false&#8220; custom_padding=&#8220;6px||6px|0px|false|false&#8220; global_colors_info=&#8220;{}&#8220;][et_pb_column type=&#8220;4_4&#8243; _builder_version=&#8220;4.16&#8243; global_colors_info=&#8220;{}&#8220;][et_pb_image src=&#8220;https:\/\/bieler-akademie.de\/wp-content\/uploads\/2020\/03\/Ida-Bieler-dozenten.jpg&#8220; align=&#8220;center&#8220; disabled_on=&#8220;on|off|off&#8220; _builder_version=&#8220;4.16&#8243; width=&#8220;99%&#8220; border_width_all=&#8220;12px&#8220; border_color_all=&#8220;#ffffff&#8220; global_colors_info=&#8220;{}&#8220;][\/et_pb_image][\/et_pb_column][\/et_pb_row][et_pb_row column_structure=&#8220;1_4,3_4&#8243; _builder_version=&#8220;4.16&#8243; custom_padding=&#8220;50px|||||&#8220; global_colors_info=&#8220;{}&#8220;][et_pb_column type=&#8220;1_4&#8243; _builder_version=&#8220;4.16&#8243; global_colors_info=&#8220;{}&#8220;][et_pb_sidebar _builder_version=&#8220;4.16&#8243; global_colors_info=&#8220;{}&#8220;][\/et_pb_sidebar][et_pb_sidebar area=&#8220;et_pb_widget_area_1&#8243; disabled_on=&#8220;on|on|off&#8220; _builder_version=&#8220;4.16&#8243; header_font=&#8220;|600|||||||&#8220; header_text_color=&#8220;#000000&#8243; header_line_height=&#8220;1.5em&#8220; body_text_color=&#8220;#000000&#8243; body_line_height=&#8220;2.4em&#8220; width_tablet=&#8220;auto&#8220; width_phone=&#8220;&#8220; width_last_edited=&#8220;on|tablet&#8220; border_color_left=&#8220;#bf354c&#8220; global_colors_info=&#8220;{}&#8220;][\/et_pb_sidebar][\/et_pb_column][et_pb_column type=&#8220;3_4&#8243; _builder_version=&#8220;4.16&#8243; global_colors_info=&#8220;{}&#8220;][et_pb_text _builder_version=&#8220;4.20.1&#8243; max_width_tablet=&#8220;100%&#8220; max_width_phone=&#8220;&#8220; max_width_last_edited=&#8220;on|tablet&#8220; module_alignment=&#8220;left&#8220; global_colors_info=&#8220;{}&#8220;]<\/p>\n<h1><span lang=\"DE\">Josefina Guilleminot, Gitarre\/Musiktheorie<\/span><\/h1>\n<p>[\/et_pb_text][et_pb_image src=&#8220;https:\/\/bieler-akademie.de\/wp-content\/uploads\/2023\/03\/Josefina-Guilleminot-Foto-web.jpg&#8220; title_text=&#8220;Josefina-Guilleminot-Foto-web&#8220; _builder_version=&#8220;4.20.1&#8243; width=&#8220;100%&#8220; max_width=&#8220;296px&#8220; global_colors_info=&#8220;{}&#8220;][\/et_pb_image][et_pb_text _builder_version=&#8220;4.27.4&#8243; hover_enabled=&#8220;0&#8243; global_colors_info=&#8220;{}&#8220; sticky_enabled=&#8220;0&#8243;]<\/p>\n<p><span>Josefina Guilleminot zog 2022 nach Deutschland und begann im Oktober desselben Jahres ihren Master of Music in Tonsatz an der Hochschule f\u00fcr Musik und Tanz K\u00f6ln bei Professor Johannes Schild. Im Jahr 2024 gewann sie das chilenische Chile Crea-Stipendium, das ihr die volle Finanzierung f\u00fcr das zweite Jahr ihres Masterstudiums gew\u00e4hrt.<\/span><\/p>\n<p><span>Sie erhielt ihren Bachelor-Abschluss in Musiktheorie an der P\u00e4pstlichen Katholischen Universit\u00e4t Chile im Jahr 2019. W\u00e4hrend ihres Studiums wurde sie zwei Jahre in Folge mit dem Stipendium f\u00fcr musikalische Exzellenz des Musikinstituts der Katholischen Universit\u00e4t ausgezeichnet. Sie arbeitete auch als Lehrassistentin f\u00fcr Musikliteratur, Harmonielehre, Musikanalyse und Musikgeschichte an der gleichen Universit\u00e4t.<\/span><span>\u00a0<\/span><\/p>\n<p><span>In den Jahren 2012 bis 2016 studierte sie klassische Gitarre, zun\u00e4chst an der S\u00fcdlichen Universit\u00e4t Chiles und dann an der Katholischen Universit\u00e4t Chile, jeweils unter der Leitung der Professoren Wladimir Carrasco und Luis Orlandini. W\u00e4hrend dieser Zeit nahm sie an Meisterkursen und Seminaren mit Gitarristen wie Leo Brouwer, Marco Tamayo, Hopkinson Smith und Pablo M\u00e1rquez teil.<\/span><\/p>\n<p><span>Seit 2018 ist Josefina mit gro\u00dfem Engagement als Musiklehrerin t\u00e4tig. In K\u00f6ln fing sie 2023 Gitarre und Klavier in privaten Musikschulen zu unterrichten. Dar\u00fcber hinaus hat sie ihre Leidenschaft f\u00fcr Sprachen dazu gebracht, <\/span>ausl\u00e4ndischen <span>Sch\u00fclern ihre Muttersprache Spanisch beizubringen. Ab Februar 2024 ist sie teil die Dozentinnen der AvidaZ Sprachschule in K\u00f6ln.<\/span><\/p>\n<p>[\/et_pb_text][\/et_pb_column][\/et_pb_row][\/et_pb_section]<\/p>\n","protected":false},"excerpt":{"rendered":"<p>Josefina Guilleminot, Gitarre\/MusiktheorieJosefina Guilleminot zog 2022 nach Deutschland und begann im Oktober desselben Jahres ihren Master of Music in Tonsatz an der Hochschule f\u00fcr Musik und Tanz K\u00f6ln bei Professor Johannes Schild. Im Jahr 2024 gewann sie das chilenische Chile Crea-Stipendium, das ihr die volle Finanzierung f\u00fcr das zweite Jahr ihres Masterstudiums gew\u00e4hrt. Sie erhielt [&hellip;]<\/p>\n","protected":false},"author":1,"featured_media":0,"parent":0,"menu_order":0,"comment_status":"closed","ping_status":"closed","template":"","meta":{"_et_pb_use_builder":"on","_et_pb_old_content":"","_et_gb_content_width":"","footnotes":""},"_links":{"self":[{"href":"https:\/\/bieler-akademie.de\/index.php?rest_route=\/wp\/v2\/pages\/172"}],"collection":[{"href":"https:\/\/bieler-akademie.de\/index.php?rest_route=\/wp\/v2\/pages"}],"about":[{"href":"https:\/\/bieler-akademie.de\/index.php?rest_route=\/wp\/v2\/types\/page"}],"author":[{"embeddable":true,"href":"https:\/\/bieler-akademie.de\/index.php?rest_route=\/wp\/v2\/users\/1"}],"replies":[{"embeddable":true,"href":"https:\/\/bieler-akademie.de\/index.php?rest_route=%2Fwp%2Fv2%2Fcomments&post=172"}],"version-history":[{"count":7,"href":"https:\/\/bieler-akademie.de\/index.php?rest_route=\/wp\/v2\/pages\/172\/revisions"}],"predecessor-version":[{"id":989,"href":"https:\/\/bieler-akademie.de\/index.php?rest_route=\/wp\/v2\/pages\/172\/revisions\/989"}],"wp:attachment":[{"href":"https:\/\/bieler-akademie.de\/index.php?rest_route=%2Fwp%2Fv2%2Fmedia&parent=172"}],"curies":[{"name":"wp","href":"https:\/\/api.w.org\/{rel}","templated":true}]}}