{"id":176,"date":"2020-03-24T16:48:30","date_gmt":"2020-03-24T16:48:30","guid":{"rendered":"http:\/\/bieler-akademie.de\/?page_id=176"},"modified":"2025-01-15T08:49:07","modified_gmt":"2025-01-15T08:49:07","slug":"yan-vaigot-violoncello","status":"publish","type":"page","link":"https:\/\/bieler-akademie.de\/?page_id=176","title":{"rendered":"Louisa de Queiroz dos Santos, Violine"},"content":{"rendered":"<p>[et_pb_section fb_built=&#8220;1&#8243; _builder_version=&#8220;4.16&#8243; custom_padding=&#8220;0px|||||&#8220; global_colors_info=&#8220;{}&#8220;][et_pb_row _builder_version=&#8220;4.16&#8243; background_color=&#8220;#000000&#8243; width=&#8220;90%&#8220; custom_margin=&#8220;0px||||false|false&#8220; custom_padding=&#8220;6px||6px|0px|false|false&#8220; global_colors_info=&#8220;{}&#8220;][et_pb_column type=&#8220;4_4&#8243; _builder_version=&#8220;4.16&#8243; global_colors_info=&#8220;{}&#8220;][et_pb_image src=&#8220;https:\/\/bieler-akademie.de\/wp-content\/uploads\/2020\/03\/Ida-Bieler-dozenten.jpg&#8220; align=&#8220;center&#8220; disabled_on=&#8220;on|off|off&#8220; _builder_version=&#8220;4.16&#8243; width=&#8220;99%&#8220; border_width_all=&#8220;12px&#8220; border_color_all=&#8220;#ffffff&#8220; global_colors_info=&#8220;{}&#8220;][\/et_pb_image][\/et_pb_column][\/et_pb_row][et_pb_row column_structure=&#8220;1_4,3_4&#8243; _builder_version=&#8220;4.16&#8243; custom_padding=&#8220;50px|||||&#8220; global_colors_info=&#8220;{}&#8220;][et_pb_column type=&#8220;1_4&#8243; _builder_version=&#8220;4.16&#8243; global_colors_info=&#8220;{}&#8220;][et_pb_sidebar _builder_version=&#8220;4.16&#8243; global_colors_info=&#8220;{}&#8220;][\/et_pb_sidebar][et_pb_sidebar area=&#8220;et_pb_widget_area_1&#8243; disabled_on=&#8220;on|on|off&#8220; _builder_version=&#8220;4.16&#8243; header_font=&#8220;|600|||||||&#8220; header_text_color=&#8220;#000000&#8243; header_line_height=&#8220;1.5em&#8220; body_text_color=&#8220;#000000&#8243; body_line_height=&#8220;2.4em&#8220; width_tablet=&#8220;auto&#8220; width_phone=&#8220;&#8220; width_last_edited=&#8220;on|tablet&#8220; border_color_left=&#8220;#bf354c&#8220; global_colors_info=&#8220;{}&#8220;][\/et_pb_sidebar][\/et_pb_column][et_pb_column type=&#8220;3_4&#8243; _builder_version=&#8220;4.16&#8243; global_colors_info=&#8220;{}&#8220;][et_pb_text _builder_version=&#8220;4.27.4&#8243; max_width_tablet=&#8220;100%&#8220; max_width_phone=&#8220;&#8220; max_width_last_edited=&#8220;on|tablet&#8220; module_alignment=&#8220;left&#8220; hover_enabled=&#8220;0&#8243; global_colors_info=&#8220;{}&#8220; sticky_enabled=&#8220;0&#8243;]<\/p>\n<h1><span lang=\"DE\">Louisa<span style=\"letter-spacing: -.45pt;\"> <\/span>de<span style=\"letter-spacing: -.3pt;\"> <\/span>Queiroz<span style=\"letter-spacing: -.45pt;\"> <\/span>dos<span style=\"letter-spacing: -.3pt;\"> <\/span>Santos, Violine<\/span><\/h1>\n<p>[\/et_pb_text][et_pb_image src=&#8220;https:\/\/bieler-akademie.de\/wp-content\/uploads\/2025\/01\/Louisa-de-Queiroz-dos-Santos.jpg&#8220; _builder_version=&#8220;4.27.4&#8243; width=&#8220;100%&#8220; max_width=&#8220;296px&#8220; hover_enabled=&#8220;0&#8243; global_colors_info=&#8220;{}&#8220; title_text=&#8220;Louisa-de-Queiroz-dos-Santos&#8220; sticky_enabled=&#8220;0&#8243;][\/et_pb_image][et_pb_text _builder_version=&#8220;4.27.4&#8243; hover_enabled=&#8220;0&#8243; global_colors_info=&#8220;{}&#8220; sticky_enabled=&#8220;0&#8243;]<\/p>\n<p class=\"Textbody\" style=\"text-align: justify;\"><span lang=\"DE\">Louisa<span style=\"letter-spacing: -.45pt;\"> <\/span>Laurette<span style=\"letter-spacing: -.25pt;\"> <\/span>de<span style=\"letter-spacing: -.3pt;\"> <\/span>Queiroz<span style=\"letter-spacing: -.45pt;\"> <\/span>dos<span style=\"letter-spacing: -.3pt;\"> <\/span>Santos<span style=\"letter-spacing: -.3pt;\"> <\/span>wurde<span style=\"letter-spacing: -.3pt;\"> <\/span>1992<span style=\"letter-spacing: -.3pt;\"> <\/span>in<span style=\"letter-spacing: -.3pt;\"> <\/span>Kreuztal<span style=\"letter-spacing: -.45pt;\"> <\/span>geboren<span style=\"letter-spacing: -.3pt;\"> <\/span>und<span style=\"letter-spacing: -.35pt;\"> <\/span>erhielt<span style=\"letter-spacing: -.4pt;\"> <\/span>ihren<span style=\"letter-spacing: -.3pt;\"> <\/span>ersten Geigenunterricht<span style=\"letter-spacing: -.1pt;\"> <\/span>im<span style=\"letter-spacing: -.2pt;\"> <\/span>Alter<span style=\"letter-spacing: -.1pt;\"> <\/span>von<span style=\"letter-spacing: -.15pt;\"> <\/span>f\u00fcnf<span style=\"letter-spacing: -.1pt;\"> <\/span>Jahren.<span style=\"letter-spacing: -.15pt;\"> <\/span>Sie<span style=\"letter-spacing: -.1pt;\"> <\/span>studierte<span style=\"letter-spacing: -.1pt;\"> <\/span>an<span style=\"letter-spacing: -.15pt;\"> <\/span>der<span style=\"letter-spacing: -.2pt;\"> <\/span>Universit\u00e4t<span style=\"letter-spacing: -.1pt;\"> <\/span>Siegen<span style=\"letter-spacing: -.25pt;\"> <\/span>Lehramt<span style=\"letter-spacing: -.1pt;\"> <\/span>und <o:p><\/o:p>wechselte<span style=\"letter-spacing: -.3pt;\"> <\/span>sp\u00e4ter<span style=\"letter-spacing: -.3pt;\"> <\/span>an<span style=\"letter-spacing: -.3pt;\"> <\/span>die<span style=\"letter-spacing: -.4pt;\"> <\/span>Folkwang<span style=\"letter-spacing: -.3pt;\"> <\/span>Universit\u00e4t<span style=\"letter-spacing: -.3pt;\"> <\/span>der<span style=\"letter-spacing: -.3pt;\"> <\/span>K\u00fcnste<span style=\"letter-spacing: -.3pt;\"> <\/span>in<span style=\"letter-spacing: -.35pt;\"> <\/span>Essen,<span style=\"letter-spacing: -.3pt;\"> <\/span>wo<span style=\"letter-spacing: -.3pt;\"> <\/span>sie<span style=\"letter-spacing: -.3pt;\"> <\/span>Instrumentalp\u00e4dagogik<span style=\"letter-spacing: -.3pt;\"> <\/span>bei Christian Styma studierte. W\u00e4hrend ihres Auslandssemesters an der University of Illinois in Chicago <o:p><\/o:p>erhielt<span style=\"letter-spacing: -.35pt;\"> <\/span>sie<span style=\"letter-spacing: -.35pt;\"> <\/span>Unterricht<span style=\"letter-spacing: -.35pt;\"> <\/span>bei<span style=\"letter-spacing: -.45pt;\"> <\/span>Prof.<span style=\"letter-spacing: -.35pt;\"> <\/span>Rudolf<span style=\"letter-spacing: -.5pt;\"> <\/span>Haken.<span style=\"letter-spacing: -.5pt;\"> <\/span>Meisterkurse<span style=\"letter-spacing: -.35pt;\"> <\/span>besuchte<span style=\"letter-spacing: -.35pt;\"> <\/span>sie<span style=\"letter-spacing: -.35pt;\"> <\/span>bei<span style=\"letter-spacing: -.5pt;\"> <\/span>Prof.<span style=\"letter-spacing: -.6pt;\"> <\/span>Megan<span style=\"letter-spacing: -.4pt;\"> <\/span>Freivogel<span style=\"letter-spacing: -.5pt;\"> <\/span>und Prof. Thomas Christian.<\/span><\/p>\n<p class=\"Textbody\" style=\"text-align: justify;\"><span lang=\"DE\">Louisa<span style=\"letter-spacing: -.2pt;\"> <\/span>de<span style=\"letter-spacing: -.2pt;\"> <\/span>Queiroz<span style=\"letter-spacing: -.25pt;\"> <\/span>ist<span style=\"letter-spacing: -.3pt;\"> <\/span>Mitglied<span style=\"letter-spacing: -.2pt;\"> <\/span>in<span style=\"letter-spacing: -.25pt;\"> <\/span>diversen<span style=\"letter-spacing: -.35pt;\"> <\/span>Ensembles,<span style=\"letter-spacing: -.4pt;\"> <\/span>wie<span style=\"letter-spacing: -.15pt;\"> <\/span>der<span style=\"letter-spacing: -.3pt;\"> <\/span>Camerata<span style=\"letter-spacing: -.35pt;\"> <\/span>Instrumentale<span style=\"letter-spacing: -.2pt;\"> <\/span>Siegen,<span style=\"letter-spacing: -.3pt;\"> <\/span>La Tramontana<span style=\"letter-spacing: -.2pt;\"> <\/span>(D\u00fcsseldorf\/San<span style=\"letter-spacing: -.25pt;\"> <\/span>Quirico)<span style=\"letter-spacing: -.2pt;\"> <\/span>und<span style=\"letter-spacing: -.25pt;\"> <\/span>der<span style=\"letter-spacing: -.3pt;\"> <\/span>Kammerphilharmonie<span style=\"letter-spacing: -.2pt;\"> <\/span>Hamburg.<span style=\"letter-spacing: -.2pt;\"> <\/span>Diese<span style=\"letter-spacing: -.2pt;\"> <\/span>f\u00fchrten<span style=\"letter-spacing: -.2pt;\"> <\/span>sie <o:p><\/o:p><\/span><span lang=\"DE\">beispielsweise<span style=\"letter-spacing: -.35pt;\"> <\/span>in<span style=\"letter-spacing: -.5pt;\"> <\/span>die<span style=\"letter-spacing: -.35pt;\"> <\/span>Elbphilharmonie<span style=\"letter-spacing: -.35pt;\"> <\/span>Hamburg<span style=\"letter-spacing: -.4pt;\"> <\/span>und<span style=\"letter-spacing: -.4pt;\"> <\/span>zum<span style=\"letter-spacing: -.45pt;\"> <\/span>Rheingau<span style=\"letter-spacing: -.5pt;\"> <\/span>Musikfestival<span style=\"letter-spacing: -.35pt;\"> <\/span>im<span style=\"letter-spacing: -.45pt;\"> <\/span>Kloster<span style=\"letter-spacing: -.35pt;\"> <\/span><span style=\"letter-spacing: -.1pt;\">Eberbach.<\/span><o:p><\/o:p><\/span><\/p>\n<p class=\"Textbody\" style=\"text-align: justify;\"><span lang=\"DE\">Bereits w\u00e4hrend ihrer Studienzeit unterrichtete sie an den Musikschulen in Kreuztal, Siegen, Olpe, Bochum,<span style=\"letter-spacing: -.3pt;\"> <\/span>Essen<span style=\"letter-spacing: -.3pt;\"> <\/span>und<span style=\"letter-spacing: -.35pt;\"> <\/span>beim<span style=\"letter-spacing: -.35pt;\"> <\/span>Haldern<span style=\"letter-spacing: -.3pt;\"> <\/span>Strings<span style=\"letter-spacing: -.3pt;\"> <\/span>e.V.<span style=\"letter-spacing: -.3pt;\"> <\/span>Aktuell<span style=\"letter-spacing: -.3pt;\"> <\/span>unterrichtet<span style=\"letter-spacing: -.3pt;\"> <\/span>sie<span style=\"letter-spacing: -.3pt;\"> <\/span>an<span style=\"letter-spacing: -.35pt;\"> <\/span>der<span style=\"letter-spacing: -.4pt;\"> <\/span>Rudolf<span style=\"letter-spacing: -.3pt;\"> <\/span>Steiner<span style=\"letter-spacing: -.3pt;\"> <\/span>Schule<span style=\"letter-spacing: -.4pt;\"> <\/span>in Bochum-Langendreer und privat und nun auch an der Ida Bieler Music Acadamy.<o:p><\/o:p><\/span><\/p>\n<p>[\/et_pb_text][\/et_pb_column][\/et_pb_row][\/et_pb_section]<\/p>\n","protected":false},"excerpt":{"rendered":"<p>Louisa de Queiroz dos Santos, ViolineLouisa Laurette de Queiroz dos Santos wurde 1992 in Kreuztal geboren und erhielt ihren ersten Geigenunterricht im Alter von f\u00fcnf Jahren. Sie studierte an der Universit\u00e4t Siegen Lehramt und wechselte sp\u00e4ter an die Folkwang Universit\u00e4t der K\u00fcnste in Essen, wo sie Instrumentalp\u00e4dagogik bei Christian Styma studierte. W\u00e4hrend ihres Auslandssemesters an [&hellip;]<\/p>\n","protected":false},"author":1,"featured_media":0,"parent":0,"menu_order":0,"comment_status":"closed","ping_status":"closed","template":"","meta":{"_et_pb_use_builder":"on","_et_pb_old_content":"","_et_gb_content_width":"","footnotes":""},"_links":{"self":[{"href":"https:\/\/bieler-akademie.de\/index.php?rest_route=\/wp\/v2\/pages\/176"}],"collection":[{"href":"https:\/\/bieler-akademie.de\/index.php?rest_route=\/wp\/v2\/pages"}],"about":[{"href":"https:\/\/bieler-akademie.de\/index.php?rest_route=\/wp\/v2\/types\/page"}],"author":[{"embeddable":true,"href":"https:\/\/bieler-akademie.de\/index.php?rest_route=\/wp\/v2\/users\/1"}],"replies":[{"embeddable":true,"href":"https:\/\/bieler-akademie.de\/index.php?rest_route=%2Fwp%2Fv2%2Fcomments&post=176"}],"version-history":[{"count":5,"href":"https:\/\/bieler-akademie.de\/index.php?rest_route=\/wp\/v2\/pages\/176\/revisions"}],"predecessor-version":[{"id":986,"href":"https:\/\/bieler-akademie.de\/index.php?rest_route=\/wp\/v2\/pages\/176\/revisions\/986"}],"wp:attachment":[{"href":"https:\/\/bieler-akademie.de\/index.php?rest_route=%2Fwp%2Fv2%2Fmedia&parent=176"}],"curies":[{"name":"wp","href":"https:\/\/api.w.org\/{rel}","templated":true}]}}