{"id":207,"date":"2020-03-25T15:15:38","date_gmt":"2020-03-25T15:15:38","guid":{"rendered":"http:\/\/bieler-akademie.de\/?page_id=207"},"modified":"2023-03-08T10:21:49","modified_gmt":"2023-03-08T10:21:49","slug":"saki-kubota-klavier","status":"publish","type":"page","link":"https:\/\/bieler-akademie.de\/?page_id=207","title":{"rendered":"Anna Shamne, Klavier"},"content":{"rendered":"<p>[et_pb_section fb_built=&#8220;1&#8243; _builder_version=&#8220;4.16&#8243; custom_padding=&#8220;0px|||||&#8220; global_colors_info=&#8220;{}&#8220;][et_pb_row _builder_version=&#8220;4.16&#8243; background_color=&#8220;#000000&#8243; width=&#8220;90%&#8220; custom_margin=&#8220;0px||||false|false&#8220; custom_padding=&#8220;6px||6px|0px|false|false&#8220; global_colors_info=&#8220;{}&#8220;][et_pb_column type=&#8220;4_4&#8243; _builder_version=&#8220;4.16&#8243; global_colors_info=&#8220;{}&#8220;][et_pb_image src=&#8220;https:\/\/bieler-akademie.de\/wp-content\/uploads\/2020\/03\/Ida-Bieler-dozenten.jpg&#8220; align=&#8220;center&#8220; disabled_on=&#8220;on|off|off&#8220; _builder_version=&#8220;4.16&#8243; width=&#8220;99%&#8220; border_width_all=&#8220;12px&#8220; border_color_all=&#8220;#ffffff&#8220; global_colors_info=&#8220;{}&#8220;][\/et_pb_image][\/et_pb_column][\/et_pb_row][et_pb_row column_structure=&#8220;1_4,3_4&#8243; _builder_version=&#8220;4.16&#8243; custom_padding=&#8220;50px|||||&#8220; global_colors_info=&#8220;{}&#8220;][et_pb_column type=&#8220;1_4&#8243; _builder_version=&#8220;4.16&#8243; global_colors_info=&#8220;{}&#8220;][et_pb_sidebar _builder_version=&#8220;4.16&#8243; global_colors_info=&#8220;{}&#8220;][\/et_pb_sidebar][et_pb_sidebar area=&#8220;et_pb_widget_area_1&#8243; disabled_on=&#8220;on|on|off&#8220; _builder_version=&#8220;4.16&#8243; header_font=&#8220;|600|||||||&#8220; header_text_color=&#8220;#000000&#8243; header_line_height=&#8220;1.5em&#8220; body_text_color=&#8220;#000000&#8243; body_line_height=&#8220;2.4em&#8220; width_tablet=&#8220;auto&#8220; width_phone=&#8220;&#8220; width_last_edited=&#8220;on|tablet&#8220; border_color_left=&#8220;#bf354c&#8220; global_colors_info=&#8220;{}&#8220;][\/et_pb_sidebar][\/et_pb_column][et_pb_column type=&#8220;3_4&#8243; _builder_version=&#8220;4.16&#8243; global_colors_info=&#8220;{}&#8220;][et_pb_text _builder_version=&#8220;4.20.1&#8243; max_width_tablet=&#8220;100%&#8220; max_width_phone=&#8220;&#8220; max_width_last_edited=&#8220;on|tablet&#8220; module_alignment=&#8220;left&#8220; hover_enabled=&#8220;0&#8243; global_colors_info=&#8220;{}&#8220; sticky_enabled=&#8220;0&#8243;]<\/p>\n<h1><span>Anna Shamne<\/span>, Klavier<\/h1>\n<p>[\/et_pb_text][et_pb_image src=&#8220;https:\/\/bieler-akademie.de\/wp-content\/uploads\/2023\/03\/Anna-Shamne-Foto-web.jpg&#8220; _builder_version=&#8220;4.20.1&#8243; width=&#8220;100%&#8220; max_width=&#8220;296px&#8220; hover_enabled=&#8220;0&#8243; global_colors_info=&#8220;{}&#8220; title_text=&#8220;Anna-Shamne-Foto-web&#8220; sticky_enabled=&#8220;0&#8243;][\/et_pb_image][et_pb_text _builder_version=&#8220;4.20.1&#8243; hover_enabled=&#8220;0&#8243; global_colors_info=&#8220;{}&#8220; sticky_enabled=&#8220;0&#8243;]<\/p>\n<p style=\"text-align: justify;\"><span>Anna, geboren in Kaliningrad, absolvierte ihr Studium am Kaliningrader Rachmaninov-Musikcollege als Pianistin und Organistin (mit Auszeichnung), an der Hochschule f\u00fcr Musik und Tanz K\u00f6ln in der Orgelklasse von Prof. Thierry Mechler (mit Auszeichnung) und an der Hochschule f\u00fcr Musik Detmold in der Orgelklasse von Prof. Tomasz Adam Nowak (mit Auszeichnung), zweites Hauptfach Klavier. Zurzeit studiert sie Instrumentalp\u00e4dagogik an der Hochschule f\u00fcr Musik Detmold, zweites Hauptfach Cembalo.<\/span><\/p>\n<p style=\"text-align: justify;\"><span>Sie ist Preistr\u00e4gerin des 8. Internationalen Wettbewerbs f\u00fcr Orgelmusik in Sankt-Petersburg (Russland), Diplomandin des Internationalen Klavierwettbewerbs \u00abGradus ad Parnassum\u00bb in Kaunas (Litauen) und <\/span>Finalistin des <span>6. Internationalen Orgelwettbewerbs \u201eDaniel Herz&#8220; (Italien).<\/span><\/p>\n<p style=\"text-align: justify;\"><span>Anna Shamne nahm an Meisterkursen von Guy Bovet, Johann Trummer, Michael Radulescu, Daniel Zaretsky, Lionel Rogg, Harald Vogel und Olivier Latry teil.<\/span><\/p>\n<p style=\"text-align: justify;\"><span>Sie hat 2012 beim Festival \u201eKultursommer Rheinland-Pfalz\u00bb, bei den \u00abInternationalen Orgelkonzerten\u00bb in Bonn-Beuel und bei verschiedenen Konzerten in Deutschland, Frankreich und Russland als Solistin teilgenommen.<\/span><\/p>\n<p style=\"text-align: justify;\"><span>Anna Shamne hat im Ensemble \u201eJunge Philharmonie K\u00f6ln&#8220; gespielt und ist auch als Solistin in der K\u00f6lner Philharmonie aufgetreten.<\/p>\n<p>Sie hat bereits in Russland und in Deutschland Erfahrung als Lehrerin f\u00fcr Klavier sammeln d\u00fcrfen. So konnten ihre Sch\u00fcler erfolge bei \u00abJugend musiziert\u00bb verzeichnen, wo sie u.A. einen ersten Preis im Landeswettbewerb und einen dritten Preis im Bundeswettbewerb gewannen.<\/span><\/p>\n<p>[\/et_pb_text][\/et_pb_column][\/et_pb_row][\/et_pb_section]<\/p>\n","protected":false},"excerpt":{"rendered":"<p>Anna Shamne, KlavierAnna, geboren in Kaliningrad, absolvierte ihr Studium am Kaliningrader Rachmaninov-Musikcollege als Pianistin und Organistin (mit Auszeichnung), an der Hochschule f\u00fcr Musik und Tanz K\u00f6ln in der Orgelklasse von Prof. Thierry Mechler (mit Auszeichnung) und an der Hochschule f\u00fcr Musik Detmold in der Orgelklasse von Prof. Tomasz Adam Nowak (mit Auszeichnung), zweites Hauptfach Klavier. [&hellip;]<\/p>\n","protected":false},"author":1,"featured_media":0,"parent":0,"menu_order":0,"comment_status":"closed","ping_status":"closed","template":"","meta":{"_et_pb_use_builder":"on","_et_pb_old_content":"","_et_gb_content_width":"","footnotes":""},"_links":{"self":[{"href":"https:\/\/bieler-akademie.de\/index.php?rest_route=\/wp\/v2\/pages\/207"}],"collection":[{"href":"https:\/\/bieler-akademie.de\/index.php?rest_route=\/wp\/v2\/pages"}],"about":[{"href":"https:\/\/bieler-akademie.de\/index.php?rest_route=\/wp\/v2\/types\/page"}],"author":[{"embeddable":true,"href":"https:\/\/bieler-akademie.de\/index.php?rest_route=\/wp\/v2\/users\/1"}],"replies":[{"embeddable":true,"href":"https:\/\/bieler-akademie.de\/index.php?rest_route=%2Fwp%2Fv2%2Fcomments&post=207"}],"version-history":[{"count":5,"href":"https:\/\/bieler-akademie.de\/index.php?rest_route=\/wp\/v2\/pages\/207\/revisions"}],"predecessor-version":[{"id":891,"href":"https:\/\/bieler-akademie.de\/index.php?rest_route=\/wp\/v2\/pages\/207\/revisions\/891"}],"wp:attachment":[{"href":"https:\/\/bieler-akademie.de\/index.php?rest_route=%2Fwp%2Fv2%2Fmedia&parent=207"}],"curies":[{"name":"wp","href":"https:\/\/api.w.org\/{rel}","templated":true}]}}