{"id":211,"date":"2020-03-25T15:17:29","date_gmt":"2020-03-25T15:17:29","guid":{"rendered":"http:\/\/bieler-akademie.de\/?page_id=211"},"modified":"2020-04-01T16:22:11","modified_gmt":"2020-04-01T16:22:11","slug":"anna-karapetyan-klavier","status":"publish","type":"page","link":"https:\/\/bieler-akademie.de\/?page_id=211","title":{"rendered":"Anna Karapetyan, Klavier"},"content":{"rendered":"<p>[et_pb_section fb_built=&#8220;1&#8243; disabled_on=&#8220;off|off|off&#8220; _builder_version=&#8220;4.4.1&#8243; custom_padding=&#8220;0px|||||&#8220; hover_enabled=&#8220;0&#8243;][et_pb_row _builder_version=&#8220;4.4.1&#8243; background_color=&#8220;#000000&#8243; width=&#8220;90%&#8220; custom_margin=&#8220;0px||||false|false&#8220; custom_padding=&#8220;6px||6px|0px|false|false&#8220;][et_pb_column type=&#8220;4_4&#8243; _builder_version=&#8220;4.4.1&#8243;][et_pb_image src=&#8220;http:\/\/bieler-akademie.de\/wp-content\/uploads\/2020\/03\/Ida-Bieler-dozenten.jpg&#8220; align=&#8220;center&#8220; _builder_version=&#8220;4.4.1&#8243; width=&#8220;99%&#8220; hover_enabled=&#8220;0&#8243; border_width_all=&#8220;12px&#8220; border_color_all=&#8220;#ffffff&#8220; disabled_on=&#8220;on|off|off&#8220;][\/et_pb_image][\/et_pb_column][\/et_pb_row][et_pb_row column_structure=&#8220;1_4,3_4&#8243; _builder_version=&#8220;4.4.1&#8243; custom_padding=&#8220;50px|||||&#8220;][et_pb_column type=&#8220;1_4&#8243; _builder_version=&#8220;4.4.1&#8243;][et_pb_sidebar _builder_version=&#8220;4.4.1&#8243;][\/et_pb_sidebar][et_pb_sidebar area=&#8220;et_pb_widget_area_1&#8243; disabled_on=&#8220;on|on|off&#8220; _builder_version=&#8220;4.4.1&#8243; header_font=&#8220;|600|||||||&#8220; header_text_color=&#8220;#000000&#8243; header_line_height=&#8220;1.5em&#8220; body_text_color=&#8220;#000000&#8243; body_line_height=&#8220;2.4em&#8220; width_tablet=&#8220;auto&#8220; width_phone=&#8220;&#8220; width_last_edited=&#8220;on|tablet&#8220; border_color_left=&#8220;#bf354c&#8220;][\/et_pb_sidebar][\/et_pb_column][et_pb_column type=&#8220;3_4&#8243; _builder_version=&#8220;4.4.1&#8243;][et_pb_text _builder_version=&#8220;4.4.1&#8243; max_width_tablet=&#8220;100%&#8220; max_width_phone=&#8220;&#8220; max_width_last_edited=&#8220;on|tablet&#8220; module_alignment=&#8220;left&#8220;]<\/p>\n<h1>Anna Karapetyan, Klavier<\/h1>\n<p>[\/et_pb_text][et_pb_image src=&#8220;http:\/\/bieler-akademie.de\/wp-content\/uploads\/2020\/03\/Anna-Karapetyan.jpg&#8220; _builder_version=&#8220;4.4.1&#8243; width=&#8220;100%&#8220; max_width=&#8220;296px&#8220;][\/et_pb_image][et_pb_text _builder_version=&#8220;4.4.1&#8243;]<\/p>\n<p style=\"font-weight: 400; text-align: justify;\">Die Pianistin Anna Karapetyan stammt aus Armenien, wo sie ihren ersten Klavierunterricht im Alter von f\u00fcnf Jahren erhielt. Nach dem Besuch der Berufsmusikschule \u201eP.I. Tschaikowski\u201c studierte sie zun\u00e4chst am Staatlichen Konservatorium \u201eKomitas\u201c bei Professor Shugarov, bevor ihr Weg sie nach Deutschland f\u00fchrte. Im Jahr 2006 begann ihr Studium an der Musikhochschule Detmold bei den Professoren Anatol Ugorski und Alfredo Perl. W\u00e4hrend dieser Zeit wurde Anna Karapetyan unter anderem Stipendiatin des Alumni-Vereins und mit einem DAAD-F\u00f6rderpreis ausgezeichnet; nach dem Vordiplom wechselte sie an die Musikhochschule K\u00f6ln zu Prof. Nina Tichmann und schloss dort im Juli 2012 ihr Diplom\u00a0<span>\u00a0<\/span>ab. Im Oktober folgte die Aufnahme des Masterstudiums \u201eSolist\u201c in derselben Klasse, ein Jahr sp\u00e4ter ein paralleler Studienplatz an der \u201eAccademia di Pinerolo\u201c bei Enrico Pace.<\/p>\n<p style=\"font-weight: 400; text-align: justify;\">Sie nahm an Meisterkursen bei Prof. Marta Gulyas, Dmitri Bashkirov, Eberhard Feltz, Hans-Dietrich Klaus, Pierre-Laurent Aimard und G\u00fcnther Ludwig teil.<\/p>\n<p style=\"font-weight: 400; text-align: justify;\">Musikalische Impulse erhielt die Pianistin auf dem Internationalen Musikfestival \u201eAllegro vivo\u201c, Aberdeen International Youth Festival, \u201eCollegium-Musicum Schloss Pommersfelden\u201c Musikfestival, Internationale Sommerakademie f\u00fcr Kammermusik Frenswegen . Weitere solistische Engagements folgten unter anderem mit dem Wiesbadener Orchesterverein im Kurhaus Wiesbaden, mit dem Detmolder Kammerorchester und den Bergischen Symphonikern.<\/p>\n<p style=\"font-weight: 400; text-align: justify;\">In der Studienzeit an der HfMT K\u00f6ln war Anna Karapetyan u.a. Stipendiatin der Stiftung Yehudi Menuhin Live Music Now und Preistr\u00e4gerin des Karlrobert-Kreiten Klavierwettbewerbs. Sie unterrichtet seit mehreren Jahren Klavier,<span>\u00a0<\/span>sowohl an vielen Musikschulen wie auch privat, und ist eine begeisterte Klavierlehrerin.<\/p>\n<p>[\/et_pb_text][\/et_pb_column][\/et_pb_row][\/et_pb_section]<\/p>\n","protected":false},"excerpt":{"rendered":"<p>Anna Karapetyan, KlavierDie Pianistin Anna Karapetyan stammt aus Armenien, wo sie ihren ersten Klavierunterricht im Alter von f\u00fcnf Jahren erhielt. Nach dem Besuch der Berufsmusikschule \u201eP.I. Tschaikowski\u201c studierte sie zun\u00e4chst am Staatlichen Konservatorium \u201eKomitas\u201c bei Professor Shugarov, bevor ihr Weg sie nach Deutschland f\u00fchrte. Im Jahr 2006 begann ihr Studium an der Musikhochschule Detmold bei [&hellip;]<\/p>\n","protected":false},"author":1,"featured_media":0,"parent":0,"menu_order":0,"comment_status":"closed","ping_status":"closed","template":"","meta":{"_et_pb_use_builder":"on","_et_pb_old_content":"","_et_gb_content_width":"","footnotes":""},"_links":{"self":[{"href":"https:\/\/bieler-akademie.de\/index.php?rest_route=\/wp\/v2\/pages\/211"}],"collection":[{"href":"https:\/\/bieler-akademie.de\/index.php?rest_route=\/wp\/v2\/pages"}],"about":[{"href":"https:\/\/bieler-akademie.de\/index.php?rest_route=\/wp\/v2\/types\/page"}],"author":[{"embeddable":true,"href":"https:\/\/bieler-akademie.de\/index.php?rest_route=\/wp\/v2\/users\/1"}],"replies":[{"embeddable":true,"href":"https:\/\/bieler-akademie.de\/index.php?rest_route=%2Fwp%2Fv2%2Fcomments&post=211"}],"version-history":[{"count":5,"href":"https:\/\/bieler-akademie.de\/index.php?rest_route=\/wp\/v2\/pages\/211\/revisions"}],"predecessor-version":[{"id":695,"href":"https:\/\/bieler-akademie.de\/index.php?rest_route=\/wp\/v2\/pages\/211\/revisions\/695"}],"wp:attachment":[{"href":"https:\/\/bieler-akademie.de\/index.php?rest_route=%2Fwp%2Fv2%2Fmedia&parent=211"}],"curies":[{"name":"wp","href":"https:\/\/api.w.org\/{rel}","templated":true}]}}