{"id":216,"date":"2020-03-25T15:18:47","date_gmt":"2020-03-25T15:18:47","guid":{"rendered":"http:\/\/bieler-akademie.de\/?page_id=216"},"modified":"2024-02-21T13:45:36","modified_gmt":"2024-02-21T13:45:36","slug":"inna-firsova-klavier","status":"publish","type":"page","link":"https:\/\/bieler-akademie.de\/?page_id=216","title":{"rendered":"G\u00fclru Ensari, Klavier"},"content":{"rendered":"<p>[et_pb_section fb_built=&#8220;1&#8243; _builder_version=&#8220;4.16&#8243; custom_padding=&#8220;0px|||||&#8220; global_colors_info=&#8220;{}&#8220;][et_pb_row _builder_version=&#8220;4.16&#8243; background_color=&#8220;#000000&#8243; width=&#8220;90%&#8220; custom_margin=&#8220;0px||||false|false&#8220; custom_padding=&#8220;6px||6px|0px|false|false&#8220; global_colors_info=&#8220;{}&#8220;][et_pb_column type=&#8220;4_4&#8243; _builder_version=&#8220;4.16&#8243; global_colors_info=&#8220;{}&#8220;][et_pb_image src=&#8220;https:\/\/bieler-akademie.de\/wp-content\/uploads\/2020\/03\/Ida-Bieler-dozenten.jpg&#8220; align=&#8220;center&#8220; disabled_on=&#8220;on|off|off&#8220; _builder_version=&#8220;4.16&#8243; width=&#8220;99%&#8220; border_width_all=&#8220;12px&#8220; border_color_all=&#8220;#ffffff&#8220; global_colors_info=&#8220;{}&#8220;][\/et_pb_image][\/et_pb_column][\/et_pb_row][et_pb_row column_structure=&#8220;1_4,3_4&#8243; _builder_version=&#8220;4.16&#8243; custom_padding=&#8220;50px|||||&#8220; global_colors_info=&#8220;{}&#8220;][et_pb_column type=&#8220;1_4&#8243; _builder_version=&#8220;4.16&#8243; global_colors_info=&#8220;{}&#8220;][et_pb_sidebar _builder_version=&#8220;4.16&#8243; global_colors_info=&#8220;{}&#8220;][\/et_pb_sidebar][et_pb_sidebar area=&#8220;et_pb_widget_area_1&#8243; disabled_on=&#8220;on|on|off&#8220; _builder_version=&#8220;4.16&#8243; header_font=&#8220;|600|||||||&#8220; header_text_color=&#8220;#000000&#8243; header_line_height=&#8220;1.5em&#8220; body_text_color=&#8220;#000000&#8243; body_line_height=&#8220;2.4em&#8220; width_tablet=&#8220;auto&#8220; width_phone=&#8220;&#8220; width_last_edited=&#8220;on|tablet&#8220; border_color_left=&#8220;#bf354c&#8220; global_colors_info=&#8220;{}&#8220;][\/et_pb_sidebar][\/et_pb_column][et_pb_column type=&#8220;3_4&#8243; _builder_version=&#8220;4.16&#8243; global_colors_info=&#8220;{}&#8220;][et_pb_text _builder_version=&#8220;4.22.2&#8243; max_width_tablet=&#8220;100%&#8220; max_width_phone=&#8220;&#8220; max_width_last_edited=&#8220;on|tablet&#8220; module_alignment=&#8220;left&#8220; hover_enabled=&#8220;0&#8243; global_colors_info=&#8220;{}&#8220; sticky_enabled=&#8220;0&#8243;]<\/p>\n<h1><b><span lang=\"DE\">G\u00fclru Ensari, Klavier<o:p><\/o:p><\/span><\/b><\/h1>\n<p>[\/et_pb_text][et_pb_image src=&#8220;https:\/\/bieler-akademie.de\/wp-content\/uploads\/2024\/02\/Ensari-Klavier.jpg&#8220; _builder_version=&#8220;4.22.2&#8243; width=&#8220;100%&#8220; max_width=&#8220;296px&#8220; hover_enabled=&#8220;0&#8243; global_colors_info=&#8220;{}&#8220; title_text=&#8220;G\u00fclru-Ensari-Klavier&#8220; sticky_enabled=&#8220;0&#8243;][\/et_pb_image][et_pb_text _builder_version=&#8220;4.22.2&#8243; hover_enabled=&#8220;0&#8243; global_colors_info=&#8220;{}&#8220; sticky_enabled=&#8220;0&#8243;]<\/p>\n<p class=\"Textbody\" style=\"text-align: justify;\"><span lang=\"DE\">Ich kann mich an ein Leben ohne Musik nicht erinnern. Meine Mutter, selber Pianistin, unterrichtete von morgens bis abends Klavier und mein Vater, ein begeisterter Hobbygitarrist, f\u00fcllte unser Zuhause ebenfalls mit Musik.<\/span><\/p>\n<p style=\"text-align: justify;\">So war es dann selbstverst\u00e4ndlich, dass ich selber mit dem Klavierspiel begann: Mit sechs Jahren habe ich gleichzeitig mit dem Eintritt in die Grundschule auch meine Ausbildung am Konservatorium begonnen, wo ich nach dem franz\u00f6sischen System der \u201eConservatoires\u201c einmal pro Woche Solfeggio sowie Klavierunterricht bei Nihan Yapali erhielt. 1991 war ein Wendepunkt in meinem Leben: Nachdem ich bei der wichtigsten Pr\u00fcfung in der schulischen Ausbildung der T\u00fcrkei einen Platz bei der Deutschen Schule Istanbul bekam, durfte ich jedes Jahr beim deutschen Jugendmusikwettbewerb \u201eJugend musiziert\u201c teilnehmen. F\u00fcnf Jahre hintereinander gewann ich dort erste Preise in unterschiedlichen Kategorien. Diese Erfolgserlebnisse, aber auch die intensiven Freundschaften unter jungen Musikern waren f\u00fcr mich der ausschlaggebende Grund, das Klavierspiel zu meinem Beruf machen zu wollen.<\/p>\n<p style=\"text-align: justify;\">Meine Klavierlehrerin Prof. Meral Yapali war die pr\u00e4gende Gestalt in meiner musikalischen Ausbildung in Istanbul. Aus dem Lehrer-\/Sch\u00fclerverh\u00e4ltnis entwickelte sich bald eine sehr pers\u00f6nliche und liebevolle Beziehung. Ich war fast jedes Wochenende bei ihr, wir haben von morgens bis abends ge\u00fcbt, gekocht, Musik geh\u00f6rt und Filme geschaut.<\/p>\n<p style=\"text-align: justify;\">Mit einem Stipendium der Deutschen Schule Istanbul konnte ich mir 2007 meinen Traum erf\u00fcllen und in K\u00f6ln studieren. Meinen dortigen Klavierprofessor, Prof. Vassily Lobanov hatte ich in der Sommerakademie des Mozarteums in Salzburg kennengelernt, als ich 18 Jahre alt war. Am meisten konnte ich mich f\u00fcr die Kammermusik begeistern, vielleicht auch wegen des sozialen und zwischenmenschlichen Aspektes, der mir in meinem Leben immer wichtig war. Mit Prof. Anthony Spiri hatte ich einen unglaublichen, sehr inspirierenden Lehrer f\u00fcr Kammermusik, bei dem ich meinen Master absolvieren durfte. Meine Leidenschaft f\u00fcr die Kammermusik hat mich gl\u00fccklicherweise mit weltbekannten, gro\u00dfartigen Musikern zusammengebracht, so wie Gautier Capucon, Clemens Hagen, Mirijam Contzen, Sebastian Manz, Ilya Gringolts und Matvey Demin.<\/p>\n<p style=\"text-align: justify;\">Im Jahr 2014 habe ich den Pianisten Herbert Schuch geheiratet. Wir sind nicht nur ein Liebes-, sondern auch ein Klavierduo. Wir treten gemeinsam in wunderbaren Konzerts\u00e4len in Europa und der T\u00fcrkei auf, und haben bereits zwei CD-Einspielungen mit einem breit gef\u00e4cherten Repertoire aufgenommen.<\/p>\n<p style=\"text-align: justify;\">2019 bin ich eine sehr gl\u00fcckliche Mutter geworden! Eine neue Identit\u00e4t neben meinen anderen Identit\u00e4ten als Wanderin zwischen K\u00f6ln und Istanbul, Tochter, Sch\u00fclerin, Pianistin, Frau und das Wichtigste: als Mensch.<o:p><\/o:p><\/p>\n<p>[\/et_pb_text][\/et_pb_column][\/et_pb_row][\/et_pb_section]<\/p>\n","protected":false},"excerpt":{"rendered":"<p>G\u00fclru Ensari, KlavierIch kann mich an ein Leben ohne Musik nicht erinnern. Meine Mutter, selber Pianistin, unterrichtete von morgens bis abends Klavier und mein Vater, ein begeisterter Hobbygitarrist, f\u00fcllte unser Zuhause ebenfalls mit Musik. So war es dann selbstverst\u00e4ndlich, dass ich selber mit dem Klavierspiel begann: Mit sechs Jahren habe ich gleichzeitig mit dem Eintritt [&hellip;]<\/p>\n","protected":false},"author":1,"featured_media":0,"parent":0,"menu_order":0,"comment_status":"closed","ping_status":"closed","template":"","meta":{"_et_pb_use_builder":"on","_et_pb_old_content":"","_et_gb_content_width":"","footnotes":""},"_links":{"self":[{"href":"https:\/\/bieler-akademie.de\/index.php?rest_route=\/wp\/v2\/pages\/216"}],"collection":[{"href":"https:\/\/bieler-akademie.de\/index.php?rest_route=\/wp\/v2\/pages"}],"about":[{"href":"https:\/\/bieler-akademie.de\/index.php?rest_route=\/wp\/v2\/types\/page"}],"author":[{"embeddable":true,"href":"https:\/\/bieler-akademie.de\/index.php?rest_route=\/wp\/v2\/users\/1"}],"replies":[{"embeddable":true,"href":"https:\/\/bieler-akademie.de\/index.php?rest_route=%2Fwp%2Fv2%2Fcomments&post=216"}],"version-history":[{"count":6,"href":"https:\/\/bieler-akademie.de\/index.php?rest_route=\/wp\/v2\/pages\/216\/revisions"}],"predecessor-version":[{"id":960,"href":"https:\/\/bieler-akademie.de\/index.php?rest_route=\/wp\/v2\/pages\/216\/revisions\/960"}],"wp:attachment":[{"href":"https:\/\/bieler-akademie.de\/index.php?rest_route=%2Fwp%2Fv2%2Fmedia&parent=216"}],"curies":[{"name":"wp","href":"https:\/\/api.w.org\/{rel}","templated":true}]}}