{"id":328,"date":"2020-03-26T14:49:58","date_gmt":"2020-03-26T14:49:58","guid":{"rendered":"http:\/\/bieler-akademie.de\/?page_id=328"},"modified":"2020-04-01T16:27:27","modified_gmt":"2020-04-01T16:27:27","slug":"impressum","status":"publish","type":"page","link":"https:\/\/bieler-akademie.de\/?page_id=328","title":{"rendered":"Impressum"},"content":{"rendered":"<p>[et_pb_section fb_built=&#8220;1&#8243; _builder_version=&#8220;4.4.1&#8243; custom_padding=&#8220;8px|||||&#8220;][et_pb_row _builder_version=&#8220;4.4.1&#8243; background_color=&#8220;#000000&#8243; width=&#8220;90%&#8220; custom_margin=&#8220;0px||||false|false&#8220; custom_padding=&#8220;6px||6px|0px|false|false&#8220;][et_pb_column type=&#8220;4_4&#8243; _builder_version=&#8220;4.4.1&#8243;][et_pb_image src=&#8220;http:\/\/bieler-akademie.de\/wp-content\/uploads\/2020\/03\/Ida-Bieler-home3.jpg&#8220; align=&#8220;center&#8220; _builder_version=&#8220;4.4.1&#8243; width=&#8220;99%&#8220; hover_enabled=&#8220;0&#8243; border_width_all=&#8220;12px&#8220; border_color_all=&#8220;#ffffff&#8220; disabled_on=&#8220;on|off|off&#8220;][\/et_pb_image][\/et_pb_column][\/et_pb_row][\/et_pb_section][et_pb_section fb_built=&#8220;1&#8243; _builder_version=&#8220;4.4.1&#8243; custom_padding=&#8220;0px|||||&#8220;][et_pb_row _builder_version=&#8220;4.4.1&#8243;][et_pb_column type=&#8220;4_4&#8243; _builder_version=&#8220;4.4.1&#8243;][et_pb_text _builder_version=&#8220;4.4.1&#8243; header_2_font=&#8220;|700|||||||&#8220; header_2_font_size=&#8220;24px&#8220; header_2_line_height=&#8220;1.2em&#8220; header_3_font=&#8220;|600|||||||&#8220; header_3_font_size=&#8220;20px&#8220;]<\/p>\n<div class=\"block block-core\" id=\"block-premthree-page-title\">\n<div class=\"block-content-wrapper\">\n<div class=\"block block-core\" id=\"block-premthree-page-title\">\n<div class=\"block-content-wrapper\">\n<h1>Impressum<\/h1>\n<\/div>\n<\/div>\n<div class=\"block block-system\" id=\"block-premthree-content\">\n<div class=\"block-content-wrapper\">\n<div class=\"views-element-container\">\n<div class=\"js-view-dom-id-69de632bb26ead447db749330be3dc78c279ce64d7a1d67b22eeba0bbb009909\">\n<div class=\"views-row\">\n<article class=\"node node--type-page node--view-mode-full\" role=\"article\" typeof=\"schema:WebPage\" about=\"\/de\/profile\/6280\/imprint\/impressum\">\n<h2><span style=\"font-size: 16px;\">Ida Bieler Streicherakademie<\/span><\/h2>\n<div class=\"node__content\">\n<div property=\"schema:text\">\n<p>Schulleitung: Victor Haustein<\/p>\n<p>Telefon: 0221-47670835<\/p>\n<p> Adresse:<br \/> Ida Bieler Music Academy<br \/> Z\u00fclpicher Stra\u00dfe 357<br \/> 50935 K\u00f6ln<\/p>\n<p>Email:\u00a0<a href=\"mailto:info@bieler-akademie.de\">info@bieler-akademie.de<\/a><\/p>\n<p>USt-ID: DE289445003<br \/> Verantwortlich f\u00fcr den Inhalt im Sinne des \u00a710 MDStV: Julia Kadar<\/p>\n<p><strong>RECHTLICHE HINWEISE<\/strong><\/p>\n<p><strong>Haftung\u00a0<\/strong><br \/> premiertone stellt die Informationen auf diesem Portal unverbindlich, unentgeltlich und ausschlie\u00dflich zu Informationszwecken zur Verf\u00fcgung gestellt. F\u00fcr die Inhalte sind jeweils die K\u00fcnstlerinnen\/K\u00fcnstler verantwortlich. Durch die Nutzung dieses Portals wird mit premiertone kein Vertrag geschlossen. Verpflichtungen und Haftungen f\u00fcr Leistungen der K\u00fcnstler k\u00f6nnen ausschlie\u00dflich durch Vertrag zwischen Nutzer und K\u00fcnstler begr\u00fcndet werden.<br \/> F\u00fcr die Richtigkeit, Genauigkeit, Aktualit\u00e4t, Verf\u00fcgbarkeit, Vollst\u00e4ndigkeit oder sonstige Faktoren der hier abrufbaren Informationen wird keinerlei Gew\u00e4hrleistung oder Haftung \u00fcbernommen. premiertone \u00fcbernimmt weder materielle oder immaterielle noch direkte oder indirekte Sch\u00e4den, welche aufgrund der Verwendung des Portals und der hier abrufbaren Informationen entstehen. \u00a0<\/p>\n<p><strong>Copyright<\/strong><br \/> S\u00e4mtliche Rechte der hier verf\u00fcgbaren Informationen, insbesondere an Biographien, Bildern, Audio- und Videodateien, \u00a0liegen bei premiertone und\/oder den jeweiligen K\u00fcnstlern. Das Herunterladen oder Ausdrucken einzelner Inhalte dieses Portals f\u00fcr den privaten, nicht kommerziellen und nicht \u00f6ffentlichen Gebrauch ist gestattet, sofern keine Copyrightvermerke oder andere gesetzlich gesch\u00fctzten Bezeichnungen entfernt werden. Durch das Herunterladen oder Ausdrucken von Inhalten werden keinerlei Rechte \u00fcbertragen. Die Reproduktion oder Verwendung jeglicher Inhalte, z. B. f\u00fcr Veranstaltungshinweise, sowie die Verkn\u00fcpfung (Links) oder anderweitige Benutzung dieses Portals f\u00fcr den kommerziellen oder \u00f6ffentlichen Gebrauch ist ohne vorg\u00e4ngige schriftliche Zustimmung von premiertone und\/oder des jeweiligen K\u00fcnstlers untersagt.<\/p>\n<p><strong>Links<\/strong><br \/> premiertone ist nicht verpflichtet, die mit dieser Webseite verkn\u00fcpften Webseiten zu pr\u00fcfen und \u00fcbernimmt f\u00fcr deren Inhalte und Angebote keinerlei Verantwortung.<\/p>\n<p> Diese Website benutzt Google Analytics, einen Webanalysedienst der Google Inc. (\u201eGoogle\u201c). Google Analytics verwendet sog. \u201eCookies\u201c, Textdateien, die auf Ihrem Computer gespeichert werden und die eine Analyse der Benutzung der Website durch Sie erm\u00f6glichen. Die durch den Cookie erzeugten Informationen \u00fcber Ihre Benutzung dieser Website (einschlie\u00dflich Ihrer IP-Adresse) werden an einen Server von Google in den USA \u00fcbertragen und dort gespeichert. Google wird diese Informationen benutzen, um Ihre Nutzung der Website auszuwerten, um Reports \u00fcber die Websiteaktivit\u00e4ten f\u00fcr die Websitebetreiber zusammenzustellen und um weitere mit der Websitenutzung und der Internetnutzung verbundene Dienstleistungen zu erbringen. Auch wird Google diese Informationen gegebenenfalls an Dritte \u00fcbertragen, sofern dies gesetzlich vorgeschrieben oder soweit Dritte diese Daten im Auftrag von Google verarbeiten. Google wird in keinem Fall Ihre IP-Adresse mit anderen Daten von Google in Verbindung bringen. Sie k\u00f6nnen die Installation der Cookies durch eine entsprechende Einstellung Ihrer Browser Software verhindern; wir weisen Sie jedoch darauf hin, dass Sie in diesem Fall gegebenenfalls nicht s\u00e4mtliche Funktionen dieser Website vollumf\u00e4nglich nutzen k\u00f6nnen. Durch die Nutzung dieser Website erkl\u00e4ren Sie sich mit der Bearbeitung der \u00fcber Sie erhobenen Daten durch Google in der zuvor beschriebenen Art und Weise und zu dem zuvor benannten Zweck einverstanden.<\/p>\n<\/div>\n<\/div>\n<\/article>\n<\/div>\n<\/div>\n<\/div>\n<\/div>\n<\/div>\n<\/div>\n<\/div>\n<p>[\/et_pb_text][\/et_pb_column][\/et_pb_row][\/et_pb_section]<\/p>\n","protected":false},"excerpt":{"rendered":"<p>Impressum Ida Bieler Streicherakademie Schulleitung: Victor Haustein Telefon: 0221-47670835 Adresse: Ida Bieler Music Academy Z\u00fclpicher Stra\u00dfe 357 50935 K\u00f6ln Email:\u00a0info@bieler-akademie.de USt-ID: DE289445003 Verantwortlich f\u00fcr den Inhalt im Sinne des \u00a710 MDStV: Julia Kadar RECHTLICHE HINWEISE Haftung\u00a0 premiertone stellt die Informationen auf diesem Portal unverbindlich, unentgeltlich und ausschlie\u00dflich zu Informationszwecken zur Verf\u00fcgung gestellt. F\u00fcr die Inhalte [&hellip;]<\/p>\n","protected":false},"author":1,"featured_media":0,"parent":0,"menu_order":0,"comment_status":"closed","ping_status":"closed","template":"","meta":{"_et_pb_use_builder":"on","_et_pb_old_content":"","_et_gb_content_width":"","footnotes":""},"_links":{"self":[{"href":"https:\/\/bieler-akademie.de\/index.php?rest_route=\/wp\/v2\/pages\/328"}],"collection":[{"href":"https:\/\/bieler-akademie.de\/index.php?rest_route=\/wp\/v2\/pages"}],"about":[{"href":"https:\/\/bieler-akademie.de\/index.php?rest_route=\/wp\/v2\/types\/page"}],"author":[{"embeddable":true,"href":"https:\/\/bieler-akademie.de\/index.php?rest_route=\/wp\/v2\/users\/1"}],"replies":[{"embeddable":true,"href":"https:\/\/bieler-akademie.de\/index.php?rest_route=%2Fwp%2Fv2%2Fcomments&post=328"}],"version-history":[{"count":3,"href":"https:\/\/bieler-akademie.de\/index.php?rest_route=\/wp\/v2\/pages\/328\/revisions"}],"predecessor-version":[{"id":710,"href":"https:\/\/bieler-akademie.de\/index.php?rest_route=\/wp\/v2\/pages\/328\/revisions\/710"}],"wp:attachment":[{"href":"https:\/\/bieler-akademie.de\/index.php?rest_route=%2Fwp%2Fv2%2Fmedia&parent=328"}],"curies":[{"name":"wp","href":"https:\/\/api.w.org\/{rel}","templated":true}]}}