{"id":40,"date":"2020-03-23T10:16:40","date_gmt":"2020-03-23T10:16:40","guid":{"rendered":"http:\/\/bieler-akademie.de\/?page_id=40"},"modified":"2020-04-01T16:34:11","modified_gmt":"2020-04-01T16:34:11","slug":"sophia-schubert-violine","status":"publish","type":"page","link":"https:\/\/bieler-akademie.de\/?page_id=40","title":{"rendered":"Sophia Schubert, Violine"},"content":{"rendered":"<p>[et_pb_section fb_built=&#8220;1&#8243; _builder_version=&#8220;4.4.1&#8243; custom_padding=&#8220;0px|||||&#8220;][et_pb_row _builder_version=&#8220;4.4.1&#8243; background_color=&#8220;#000000&#8243; width=&#8220;90%&#8220; custom_margin=&#8220;0px||||false|false&#8220; custom_padding=&#8220;6px||6px|0px|false|false&#8220;][et_pb_column type=&#8220;4_4&#8243; _builder_version=&#8220;4.4.1&#8243;][et_pb_image src=&#8220;http:\/\/bieler-akademie.de\/wp-content\/uploads\/2020\/03\/Ida-Bieler-dozenten.jpg&#8220; align=&#8220;center&#8220; _builder_version=&#8220;4.4.1&#8243; width=&#8220;99%&#8220; hover_enabled=&#8220;0&#8243; border_width_all=&#8220;12px&#8220; border_color_all=&#8220;#ffffff&#8220; disabled_on=&#8220;on|off|off&#8220;][\/et_pb_image][\/et_pb_column][\/et_pb_row][et_pb_row column_structure=&#8220;1_4,3_4&#8243; _builder_version=&#8220;4.4.1&#8243; custom_padding=&#8220;50px|||||&#8220;][et_pb_column type=&#8220;1_4&#8243; _builder_version=&#8220;4.4.1&#8243;][et_pb_sidebar area=&#8220;et_pb_widget_area_1&#8243; disabled_on=&#8220;on|on|off&#8220; _builder_version=&#8220;4.4.1&#8243; header_font=&#8220;|600|||||||&#8220; header_text_color=&#8220;#000000&#8243; header_line_height=&#8220;1.5em&#8220; body_text_color=&#8220;#000000&#8243; body_line_height=&#8220;2.4em&#8220; width_tablet=&#8220;auto&#8220; width_phone=&#8220;&#8220; width_last_edited=&#8220;on|tablet&#8220; border_color_left=&#8220;#bf354c&#8220;][\/et_pb_sidebar][\/et_pb_column][et_pb_column type=&#8220;3_4&#8243; _builder_version=&#8220;4.4.1&#8243;][et_pb_text _builder_version=&#8220;4.4.1&#8243; max_width_tablet=&#8220;100%&#8220; max_width_phone=&#8220;&#8220; max_width_last_edited=&#8220;on|tablet&#8220; module_alignment=&#8220;left&#8220;]<\/p>\n<h1>Sophia Schubert, Violine<\/h1>\n<p>[\/et_pb_text][et_pb_image src=&#8220;http:\/\/bieler-akademie.de\/wp-content\/uploads\/2020\/03\/Sophia-Schubert-Foto.jpg&#8220; _builder_version=&#8220;4.4.1&#8243; width=&#8220;100%&#8220; max_width=&#8220;296px&#8220;][\/et_pb_image][et_pb_text _builder_version=&#8220;4.4.1&#8243;]<\/p>\n<p>Sophia Schubert (geb.Riedel), 1992 in Bad Soden geboren, begann im Alter von vier Jahren Geige zu spielen, kurz darauf kam als Zweitinstrument das Klavier hinzu.<\/p>\n<p>Sie wurde unter anderem ausgebildet von Ingo de Haas (Konzertmeister Opern- und Museumsorchester Frankfurt) und war Jungstudentin in der Klasse von Prof. Ulrich Edelmann (HfMdK Frankfurt).<\/p>\n<p>Ihr Studium begann sie bei Prof. Elina V\u00e4h\u00e4l\u00e4 in Karlsruhe und setzte es an der Freiburger Musikhochschule in den Klassen von Anna-Katharine Schreiber und Prof. Sebastian Hamann fort.<\/p>\n<p>Derzeit befindet sie sich im Masterstudium bei Prof. Hamann.<\/p>\n<p>Sophia war unter anderem Mitglied im Bundesjugendorchester, der Jungen deutschen Philharmonie und dem Gustav-Mahler-Jugendorchester.<\/p>\n<p>Weitere Orchestererfahrung sammelte sie in der Badischen Staatskapelle Karlsruhe, dem Beethovenorchester Bonn und im Rahmen einer zweij\u00e4hrigen Akademie beim G\u00fcrzenich- Orchester K\u00f6ln.<\/p>\n<p>Sophia ist Stipendiatin der evangelischen Studienstiftung Villigst und wurde von Live Music Now Freiburg gef\u00f6rdert.<\/p>\n<p>Neben dem Orchesterspiel und der Kammermusik bildet die p\u00e4dagogische Arbeit einen zentralen Bestandteil ihres Musikerdaseins.\u00a0Au\u00dferhalb der Betreuung ihrer eigenen Klasse war sie mehrfach Dozentin beim Landesjugendsinfonieorchester Hessen und dem JSO K\u00f6ln.<\/p>\n<p>[\/et_pb_text][\/et_pb_column][\/et_pb_row][\/et_pb_section]<\/p>\n","protected":false},"excerpt":{"rendered":"<p>Sophia Schubert, ViolineSophia Schubert (geb.Riedel), 1992 in Bad Soden geboren, begann im Alter von vier Jahren Geige zu spielen, kurz darauf kam als Zweitinstrument das Klavier hinzu. Sie wurde unter anderem ausgebildet von Ingo de Haas (Konzertmeister Opern- und Museumsorchester Frankfurt) und war Jungstudentin in der Klasse von Prof. Ulrich Edelmann (HfMdK Frankfurt). Ihr Studium [&hellip;]<\/p>\n","protected":false},"author":1,"featured_media":0,"parent":0,"menu_order":0,"comment_status":"closed","ping_status":"closed","template":"","meta":{"_et_pb_use_builder":"on","_et_pb_old_content":"","_et_gb_content_width":"","footnotes":""},"_links":{"self":[{"href":"https:\/\/bieler-akademie.de\/index.php?rest_route=\/wp\/v2\/pages\/40"}],"collection":[{"href":"https:\/\/bieler-akademie.de\/index.php?rest_route=\/wp\/v2\/pages"}],"about":[{"href":"https:\/\/bieler-akademie.de\/index.php?rest_route=\/wp\/v2\/types\/page"}],"author":[{"embeddable":true,"href":"https:\/\/bieler-akademie.de\/index.php?rest_route=\/wp\/v2\/users\/1"}],"replies":[{"embeddable":true,"href":"https:\/\/bieler-akademie.de\/index.php?rest_route=%2Fwp%2Fv2%2Fcomments&post=40"}],"version-history":[{"count":7,"href":"https:\/\/bieler-akademie.de\/index.php?rest_route=\/wp\/v2\/pages\/40\/revisions"}],"predecessor-version":[{"id":740,"href":"https:\/\/bieler-akademie.de\/index.php?rest_route=\/wp\/v2\/pages\/40\/revisions\/740"}],"wp:attachment":[{"href":"https:\/\/bieler-akademie.de\/index.php?rest_route=%2Fwp%2Fv2%2Fmedia&parent=40"}],"curies":[{"name":"wp","href":"https:\/\/api.w.org\/{rel}","templated":true}]}}