{"id":448,"date":"2020-03-27T15:03:31","date_gmt":"2020-03-27T15:03:31","guid":{"rendered":"http:\/\/bieler-akademie.de\/?page_id=448"},"modified":"2020-04-01T16:29:09","modified_gmt":"2020-04-01T16:29:09","slug":"james-maddox-kammermusik-und-korrepetition-2","status":"publish","type":"page","link":"https:\/\/bieler-akademie.de\/?page_id=448","title":{"rendered":"James Maddox, Kammermusik und Korrepetition"},"content":{"rendered":"<p>[et_pb_section fb_built=&#8220;1&#8243; _builder_version=&#8220;4.4.1&#8243; custom_padding=&#8220;0px|||||&#8220;][et_pb_row _builder_version=&#8220;4.4.1&#8243; background_color=&#8220;#000000&#8243; width=&#8220;90%&#8220; custom_margin=&#8220;0px||||false|false&#8220; custom_padding=&#8220;6px||6px|0px|false|false&#8220;][et_pb_column type=&#8220;4_4&#8243; _builder_version=&#8220;4.4.1&#8243;][et_pb_image src=&#8220;http:\/\/bieler-akademie.de\/wp-content\/uploads\/2020\/03\/Ida-Bieler-dozenten.jpg&#8220; align=&#8220;center&#8220; _builder_version=&#8220;4.4.1&#8243; width=&#8220;99%&#8220; hover_enabled=&#8220;0&#8243; border_width_all=&#8220;12px&#8220; border_color_all=&#8220;#ffffff&#8220; disabled_on=&#8220;on|off|off&#8220;][\/et_pb_image][\/et_pb_column][\/et_pb_row][et_pb_row column_structure=&#8220;1_4,3_4&#8243; _builder_version=&#8220;4.4.1&#8243; custom_padding=&#8220;50px|||||&#8220;][et_pb_column type=&#8220;1_4&#8243; _builder_version=&#8220;4.4.1&#8243;][et_pb_sidebar area=&#8220;et_pb_widget_area_1&#8243; disabled_on=&#8220;on|on|off&#8220; _builder_version=&#8220;4.4.1&#8243; header_font=&#8220;|600|||||||&#8220; header_text_color=&#8220;#000000&#8243; header_line_height=&#8220;1.5em&#8220; body_text_color=&#8220;#000000&#8243; body_line_height=&#8220;2.4em&#8220; width_tablet=&#8220;auto&#8220; width_phone=&#8220;&#8220; width_last_edited=&#8220;on|tablet&#8220; border_color_left=&#8220;#bf354c&#8220;][\/et_pb_sidebar][\/et_pb_column][et_pb_column type=&#8220;3_4&#8243; _builder_version=&#8220;4.4.1&#8243;][et_pb_text _builder_version=&#8220;4.4.1&#8243; max_width_tablet=&#8220;100%&#8220; max_width_phone=&#8220;&#8220; max_width_last_edited=&#8220;on|tablet&#8220; module_alignment=&#8220;left&#8220;]<\/p>\n<h1>James Maddox,\u00a0Kammermusik und Korrepetition<\/h1>\n<p>[\/et_pb_text][et_pb_image src=&#8220;http:\/\/bieler-akademie.de\/wp-content\/uploads\/2020\/03\/james_maddox.jpg&#8220; _builder_version=&#8220;4.4.1&#8243; width=&#8220;100%&#8220; max_width=&#8220;296px&#8220;][\/et_pb_image][et_pb_text _builder_version=&#8220;4.4.1&#8243;]<\/p>\n<p style=\"text-align: justify;\">Der in Australien geborene Pianist James Maddox studierte am Conservatorium of Music in Sydney, Australien bei Nikolai Evrov und in Verona bei Alexander Lonquich und Edoardo Strabbioli. Als Kammermusikpartner und Liedbegleiter konzertiert er in Europa, Asien und Australien.<\/p>\n<p style=\"text-align: justify;\">James Maddox zeichnet sich durch seine k\u00fcnstlerische Vielseitigkeit und seine reiche Erfahrung mit verschiedenen Instrumenten und Musikstilen aus. Er arbeitete unter Dirigenten und Komponisten wie Michael Tilson Thomas, Christoph Eschenbach, Peter E\u00f6tv\u00f6s, und Krzysztof Penderecki. Zu seinen Kammermusikpartner geh\u00f6ren die Geiger Ida Bieler, Christian Altenburger, Ulrike Anima Math\u00e9, die Cellistin Maria Kliegel und die S\u00e4ngerinnen Susanne Blattert und Ingrid Schmith\u00fcsen.<\/p>\n<p style=\"text-align: justify;\">Sein Engagement auf historischen Instrumenten f\u00fchrte zur Zusammenarbeit mit Christopher Hogwood, Robert Levin, Peter Watchorn und Christoph Spering.<\/p>\n<p style=\"text-align: justify;\">James Maddox ist seit 1995 Dozent an der Robert-Schumann-Hochschule D\u00fcsseldorf und ist k\u00fcnstlerischer Leiter der Brahms-Tage in Bonn-Endenich.<\/p>\n<p>[\/et_pb_text][\/et_pb_column][\/et_pb_row][\/et_pb_section]<\/p>\n","protected":false},"excerpt":{"rendered":"<p>James Maddox,\u00a0Kammermusik und KorrepetitionDer in Australien geborene Pianist James Maddox studierte am Conservatorium of Music in Sydney, Australien bei Nikolai Evrov und in Verona bei Alexander Lonquich und Edoardo Strabbioli. Als Kammermusikpartner und Liedbegleiter konzertiert er in Europa, Asien und Australien. James Maddox zeichnet sich durch seine k\u00fcnstlerische Vielseitigkeit und seine reiche Erfahrung mit verschiedenen [&hellip;]<\/p>\n","protected":false},"author":1,"featured_media":0,"parent":0,"menu_order":0,"comment_status":"closed","ping_status":"closed","template":"","meta":{"_et_pb_use_builder":"on","_et_pb_old_content":"","_et_gb_content_width":"","footnotes":""},"_links":{"self":[{"href":"https:\/\/bieler-akademie.de\/index.php?rest_route=\/wp\/v2\/pages\/448"}],"collection":[{"href":"https:\/\/bieler-akademie.de\/index.php?rest_route=\/wp\/v2\/pages"}],"about":[{"href":"https:\/\/bieler-akademie.de\/index.php?rest_route=\/wp\/v2\/types\/page"}],"author":[{"embeddable":true,"href":"https:\/\/bieler-akademie.de\/index.php?rest_route=\/wp\/v2\/users\/1"}],"replies":[{"embeddable":true,"href":"https:\/\/bieler-akademie.de\/index.php?rest_route=%2Fwp%2Fv2%2Fcomments&post=448"}],"version-history":[{"count":3,"href":"https:\/\/bieler-akademie.de\/index.php?rest_route=\/wp\/v2\/pages\/448\/revisions"}],"predecessor-version":[{"id":717,"href":"https:\/\/bieler-akademie.de\/index.php?rest_route=\/wp\/v2\/pages\/448\/revisions\/717"}],"wp:attachment":[{"href":"https:\/\/bieler-akademie.de\/index.php?rest_route=%2Fwp%2Fv2%2Fmedia&parent=448"}],"curies":[{"name":"wp","href":"https:\/\/api.w.org\/{rel}","templated":true}]}}