{"id":476,"date":"2020-03-27T14:47:50","date_gmt":"2020-03-27T14:47:50","guid":{"rendered":"http:\/\/bieler-akademie.de\/?page_id=476"},"modified":"2023-03-08T10:25:09","modified_gmt":"2023-03-08T10:25:09","slug":"saki-kubota-piano","status":"publish","type":"page","link":"https:\/\/bieler-akademie.de\/?page_id=476&lang=en","title":{"rendered":"Anna Shamne, Piano"},"content":{"rendered":"<p>[et_pb_section fb_built=&#8220;1&#8243; _builder_version=&#8220;4.16&#8243; custom_padding=&#8220;0px|||||&#8220; global_colors_info=&#8220;{}&#8220;][et_pb_row _builder_version=&#8220;4.16&#8243; background_color=&#8220;#000000&#8243; width=&#8220;90%&#8220; custom_margin=&#8220;0px||||false|false&#8220; custom_padding=&#8220;6px||6px|0px|false|false&#8220; global_colors_info=&#8220;{}&#8220;][et_pb_column type=&#8220;4_4&#8243; _builder_version=&#8220;4.16&#8243; global_colors_info=&#8220;{}&#8220;][et_pb_image src=&#8220;https:\/\/bieler-akademie.de\/wp-content\/uploads\/2020\/03\/Ida-Bieler-dozenten.jpg&#8220; align=&#8220;center&#8220; disabled_on=&#8220;on|off|off&#8220; _builder_version=&#8220;4.16&#8243; width=&#8220;99%&#8220; border_width_all=&#8220;12px&#8220; border_color_all=&#8220;#ffffff&#8220; global_colors_info=&#8220;{}&#8220;][\/et_pb_image][\/et_pb_column][\/et_pb_row][et_pb_row column_structure=&#8220;1_4,3_4&#8243; _builder_version=&#8220;4.16&#8243; custom_padding=&#8220;50px|||||&#8220; global_colors_info=&#8220;{}&#8220;][et_pb_column type=&#8220;1_4&#8243; _builder_version=&#8220;4.16&#8243; global_colors_info=&#8220;{}&#8220;][et_pb_sidebar _builder_version=&#8220;4.16&#8243; global_colors_info=&#8220;{}&#8220;][\/et_pb_sidebar][et_pb_sidebar area=&#8220;et_pb_widget_area_4&#8243; disabled_on=&#8220;on|on|off&#8220; _builder_version=&#8220;4.16&#8243; header_font=&#8220;|600|||||||&#8220; header_text_color=&#8220;#000000&#8243; header_line_height=&#8220;1.5em&#8220; body_text_color=&#8220;#000000&#8243; body_line_height=&#8220;2.4em&#8220; width_tablet=&#8220;auto&#8220; width_phone=&#8220;&#8220; width_last_edited=&#8220;on|tablet&#8220; border_color_left=&#8220;#bf354c&#8220; global_colors_info=&#8220;{}&#8220;][\/et_pb_sidebar][\/et_pb_column][et_pb_column type=&#8220;3_4&#8243; _builder_version=&#8220;4.16&#8243; global_colors_info=&#8220;{}&#8220;][et_pb_text _builder_version=&#8220;4.20.1&#8243; max_width_tablet=&#8220;100%&#8220; max_width_phone=&#8220;&#8220; max_width_last_edited=&#8220;on|tablet&#8220; module_alignment=&#8220;left&#8220; hover_enabled=&#8220;0&#8243; global_colors_info=&#8220;{}&#8220; sticky_enabled=&#8220;0&#8243;]<\/p>\n<h1>Anna Shamne, Piano<\/h1>\n<p>[\/et_pb_text][et_pb_image src=&#8220;https:\/\/bieler-akademie.de\/wp-content\/uploads\/2023\/03\/Anna-Shamne-Foto-web-1.jpg&#8220; _builder_version=&#8220;4.20.1&#8243; width=&#8220;100%&#8220; max_width=&#8220;296px&#8220; hover_enabled=&#8220;0&#8243; global_colors_info=&#8220;{}&#8220; title_text=&#8220;Anna-Shamne-Foto-web&#8220; sticky_enabled=&#8220;0&#8243;][\/et_pb_image][et_pb_text _builder_version=&#8220;4.20.1&#8243; hover_enabled=&#8220;0&#8243; global_colors_info=&#8220;{}&#8220; sticky_enabled=&#8220;0&#8243;]<\/p>\n<p style=\"text-align: justify;\">Anna Shamne, born in Kaliningrad, completed her studies at the Kaliningrad-Rachmaninov Music College as a pianist and organist (with honors), at the Hochschule f\u00fcr Musik und Tanz K\u00f6ln in the organ class of Prof. Thierry Mechler (with honors) and at the Hochschule f\u00fcr Musik Detmold in the organ class of Prof. Tomasz Adam Nowak (with honors), second main instrument &#8211; piano. She is currently studying instrumental pedagogy at the Hochschule f\u00fcr Musik Detmold, second main instrument &#8211; harpsichord.<\/p>\n<p>She is a laureate of the 8th International Organ Music Competition in Saint-Petersburg (Russia), diplomat of the International Piano Competition &#8222;Gradus ad Parnassum&#8220; in Kaunas (Lithuania) and finalist at the 6th International Organ Competition &#8222;Daniel Herz&#8220; (Italy).<\/p>\n<p>Anna Shamne has taken part in master classes with Guy Bovet, Johann Trummer, Michael Radulescu, Daniel Zaretsky, Lionel Rogg, Harald Vogel and Olivier Latry.<\/p>\n<p>She took part in the 2012 festival &#8222;Kultursommer Rheinland-Pfalz\u00bb, the &#8222;International Organ Concerts&#8220; in Bonn-Beuel and has played in various concerts in Germany, France and Russia as a soloist.<\/p>\n<p>Anna Shamne has played in the ensemble &#8222;Junge Philharmonie K\u00f6ln&#8220; and has also performed as a soloist in the K\u00f6lner Philharmonie.<\/p>\n<p>She has already gained experience as a piano teacher in Russia and Germany. Her students have had success with &#8222;Jugend Musiziert&#8220;, where they won among others first prize in the state competition and third prize in the national competition.<\/p>\n<p>[\/et_pb_text][\/et_pb_column][\/et_pb_row][\/et_pb_section]<\/p>\n","protected":false},"excerpt":{"rendered":"<p>Anna Shamne, PianoAnna Shamne, born in Kaliningrad, completed her studies at the Kaliningrad-Rachmaninov Music College as a pianist and organist (with honors), at the Hochschule f\u00fcr Musik und Tanz K\u00f6ln in the organ class of Prof. Thierry Mechler (with honors) and at the Hochschule f\u00fcr Musik Detmold in the organ class of Prof. Tomasz Adam [&hellip;]<\/p>\n","protected":false},"author":1,"featured_media":0,"parent":0,"menu_order":0,"comment_status":"closed","ping_status":"closed","template":"","meta":{"_et_pb_use_builder":"on","_et_pb_old_content":"","_et_gb_content_width":"","footnotes":""},"_links":{"self":[{"href":"https:\/\/bieler-akademie.de\/index.php?rest_route=\/wp\/v2\/pages\/476"}],"collection":[{"href":"https:\/\/bieler-akademie.de\/index.php?rest_route=\/wp\/v2\/pages"}],"about":[{"href":"https:\/\/bieler-akademie.de\/index.php?rest_route=\/wp\/v2\/types\/page"}],"author":[{"embeddable":true,"href":"https:\/\/bieler-akademie.de\/index.php?rest_route=\/wp\/v2\/users\/1"}],"replies":[{"embeddable":true,"href":"https:\/\/bieler-akademie.de\/index.php?rest_route=%2Fwp%2Fv2%2Fcomments&post=476"}],"version-history":[{"count":6,"href":"https:\/\/bieler-akademie.de\/index.php?rest_route=\/wp\/v2\/pages\/476\/revisions"}],"predecessor-version":[{"id":894,"href":"https:\/\/bieler-akademie.de\/index.php?rest_route=\/wp\/v2\/pages\/476\/revisions\/894"}],"wp:attachment":[{"href":"https:\/\/bieler-akademie.de\/index.php?rest_route=%2Fwp%2Fv2%2Fmedia&parent=476"}],"curies":[{"name":"wp","href":"https:\/\/api.w.org\/{rel}","templated":true}]}}