{"id":846,"date":"2020-11-15T15:23:03","date_gmt":"2020-11-15T15:23:03","guid":{"rendered":"https:\/\/bieler-akademie.de\/?page_id=846"},"modified":"2025-01-15T08:41:19","modified_gmt":"2025-01-15T08:41:19","slug":"eugenia-ottaviano-violine-2","status":"publish","type":"page","link":"https:\/\/bieler-akademie.de\/?page_id=846","title":{"rendered":"Adi Valentina Camacho, Klavier"},"content":{"rendered":"<p>[et_pb_section fb_built=&#8220;1&#8243; _builder_version=&#8220;4.16&#8243; custom_padding=&#8220;0px|||||&#8220; global_colors_info=&#8220;{}&#8220;][et_pb_row _builder_version=&#8220;4.16&#8243; background_color=&#8220;#000000&#8243; width=&#8220;90%&#8220; custom_margin=&#8220;0px||||false|false&#8220; custom_padding=&#8220;6px||6px|0px|false|false&#8220; global_colors_info=&#8220;{}&#8220;][et_pb_column type=&#8220;4_4&#8243; _builder_version=&#8220;4.16&#8243; global_colors_info=&#8220;{}&#8220;][et_pb_image src=&#8220;https:\/\/bieler-akademie.de\/wp-content\/uploads\/2020\/03\/Ida-Bieler-dozenten.jpg&#8220; align=&#8220;center&#8220; disabled_on=&#8220;on|off|off&#8220; _builder_version=&#8220;4.16&#8243; width=&#8220;99%&#8220; border_width_all=&#8220;12px&#8220; border_color_all=&#8220;#ffffff&#8220; global_colors_info=&#8220;{}&#8220;][\/et_pb_image][\/et_pb_column][\/et_pb_row][et_pb_row column_structure=&#8220;1_4,3_4&#8243; _builder_version=&#8220;4.16&#8243; custom_padding=&#8220;50px|||||&#8220; global_colors_info=&#8220;{}&#8220;][et_pb_column type=&#8220;1_4&#8243; _builder_version=&#8220;4.16&#8243; global_colors_info=&#8220;{}&#8220;][et_pb_sidebar _builder_version=&#8220;4.16&#8243; global_colors_info=&#8220;{}&#8220;][\/et_pb_sidebar][et_pb_sidebar area=&#8220;et_pb_widget_area_1&#8243; disabled_on=&#8220;on|on|off&#8220; _builder_version=&#8220;4.16&#8243; header_font=&#8220;|600|||||||&#8220; header_text_color=&#8220;#000000&#8243; header_line_height=&#8220;1.5em&#8220; body_text_color=&#8220;#000000&#8243; body_line_height=&#8220;2.4em&#8220; width_tablet=&#8220;auto&#8220; width_phone=&#8220;&#8220; width_last_edited=&#8220;on|tablet&#8220; border_color_left=&#8220;#bf354c&#8220; global_colors_info=&#8220;{}&#8220;][\/et_pb_sidebar][\/et_pb_column][et_pb_column type=&#8220;3_4&#8243; _builder_version=&#8220;4.16&#8243; global_colors_info=&#8220;{}&#8220;][et_pb_text _builder_version=&#8220;4.27.4&#8243; max_width_tablet=&#8220;100%&#8220; max_width_phone=&#8220;&#8220; max_width_last_edited=&#8220;on|tablet&#8220; module_alignment=&#8220;left&#8220; hover_enabled=&#8220;0&#8243; global_colors_info=&#8220;{}&#8220; sticky_enabled=&#8220;0&#8243;]<\/p>\n<h1><b><span lang=\"DE\">Adi Valentina Camacho, Klavier<o:p><\/o:p><\/span><\/b><\/h1>\n<p>[\/et_pb_text][et_pb_image src=&#8220;https:\/\/bieler-akademie.de\/wp-content\/uploads\/2025\/01\/Adi-Valentina-Camacho.jpg&#8220; alt=&#8220;Violina Petrychenko, Klavier&#8220; title_text=&#8220;Adi-Valentina-Camacho&#8220; _builder_version=&#8220;4.27.4&#8243; width=&#8220;100%&#8220; max_width=&#8220;296px&#8220; hover_enabled=&#8220;0&#8243; global_colors_info=&#8220;{}&#8220; sticky_enabled=&#8220;0&#8243;][\/et_pb_image][et_pb_text _builder_version=&#8220;4.27.4&#8243; hover_enabled=&#8220;0&#8243; global_colors_info=&#8220;{}&#8220; sticky_enabled=&#8220;0&#8243;]<\/p>\n<p>Adi Valentina Camacho erhielt ihren ersten Klavierunterricht im Alter von vier Jahren in ihrer Heimatstadt Cali, Kolumbien.<\/p>\n<p>Sie gewann verschiedene Klavierwettbewerbe, u.a. 2013 den Internationalen Klavierwettbewerb \u201cJunge Talente\u201d in Cuenca Ecuador, den Wettbewerb \u201eJunge Interpreten\u201c der Staatsbank \u201cBanco de la Rep\u00fablica\u201d und der Staatlichen Bibliothek \u201cLuis Angel Arango\u201d, 2014-2015.<br \/>Adi war Finalistin im Maria Clara Cullel Wettbewerb, Costa Rica und erhielt zweimal den 1. Preis beim Klavierwettbewerb f\u00fcr Junge Pianisten, sowie eine besondere Erw\u00e4hnung und Auszeichnung f\u00fcr die beste Interpretation einer Lateinamerikanischen Komposition (Regionalwettbewerb Universit\u00e4t Valle, Kolumbien im Jahr 2009 und 2011).<\/p>\n<p>Sie spielte bei bedeutenden Festivals in Kolumbien sowie in der Konzertreihe \u201cBeethoven 7:30\u201d im Konservatorium Antonio Maria Valencia, im Wuppertaler Musikforum und bei der Summer Music Academy der Boulder University, USA.<\/p>\n<p>2024 schlo\u00df Adi ihr Studium an der Hochschule f\u00fcr Musik und Tanz in K\u00f6ln.<\/p>\n<p>Seit 2019 nimmt sie am Projekt zur digitalen Musikerziehung, \u201eTaki Digital\u201c teil und gibt seit 2019 Klavierunterricht.<\/p>\n<p>[\/et_pb_text][\/et_pb_column][\/et_pb_row][\/et_pb_section]<\/p>\n","protected":false},"excerpt":{"rendered":"<p>Adi Valentina Camacho, KlavierAdi Valentina Camacho erhielt ihren ersten Klavierunterricht im Alter von vier Jahren in ihrer Heimatstadt Cali, Kolumbien. Sie gewann verschiedene Klavierwettbewerbe, u.a. 2013 den Internationalen Klavierwettbewerb \u201cJunge Talente\u201d in Cuenca Ecuador, den Wettbewerb \u201eJunge Interpreten\u201c der Staatsbank \u201cBanco de la Rep\u00fablica\u201d und der Staatlichen Bibliothek \u201cLuis Angel Arango\u201d, 2014-2015.Adi war Finalistin im [&hellip;]<\/p>\n","protected":false},"author":1,"featured_media":0,"parent":0,"menu_order":0,"comment_status":"closed","ping_status":"closed","template":"","meta":{"_et_pb_use_builder":"on","_et_pb_old_content":"","_et_gb_content_width":"","footnotes":""},"_links":{"self":[{"href":"https:\/\/bieler-akademie.de\/index.php?rest_route=\/wp\/v2\/pages\/846"}],"collection":[{"href":"https:\/\/bieler-akademie.de\/index.php?rest_route=\/wp\/v2\/pages"}],"about":[{"href":"https:\/\/bieler-akademie.de\/index.php?rest_route=\/wp\/v2\/types\/page"}],"author":[{"embeddable":true,"href":"https:\/\/bieler-akademie.de\/index.php?rest_route=\/wp\/v2\/users\/1"}],"replies":[{"embeddable":true,"href":"https:\/\/bieler-akademie.de\/index.php?rest_route=%2Fwp%2Fv2%2Fcomments&post=846"}],"version-history":[{"count":10,"href":"https:\/\/bieler-akademie.de\/index.php?rest_route=\/wp\/v2\/pages\/846\/revisions"}],"predecessor-version":[{"id":978,"href":"https:\/\/bieler-akademie.de\/index.php?rest_route=\/wp\/v2\/pages\/846\/revisions\/978"}],"wp:attachment":[{"href":"https:\/\/bieler-akademie.de\/index.php?rest_route=%2Fwp%2Fv2%2Fmedia&parent=846"}],"curies":[{"name":"wp","href":"https:\/\/api.w.org\/{rel}","templated":true}]}}