{"id":916,"date":"2023-09-06T19:55:35","date_gmt":"2023-09-06T19:55:35","guid":{"rendered":"https:\/\/bieler-akademie.de\/?page_id=916"},"modified":"2023-09-06T19:55:35","modified_gmt":"2023-09-06T19:55:35","slug":"anna-karapetyan-klavier-2","status":"publish","type":"page","link":"https:\/\/bieler-akademie.de\/?page_id=916","title":{"rendered":"Anastasiia Kolabanova, Gesang"},"content":{"rendered":"<p>[et_pb_section fb_built=&#8220;1&#8243; disabled_on=&#8220;off|off|off&#8220; _builder_version=&#8220;4.16&#8243; custom_padding=&#8220;0px|||||&#8220; global_colors_info=&#8220;{}&#8220;][et_pb_row _builder_version=&#8220;4.16&#8243; background_color=&#8220;#000000&#8243; width=&#8220;90%&#8220; custom_margin=&#8220;0px||||false|false&#8220; custom_padding=&#8220;6px||6px|0px|false|false&#8220; global_colors_info=&#8220;{}&#8220;][et_pb_column type=&#8220;4_4&#8243; _builder_version=&#8220;4.16&#8243; global_colors_info=&#8220;{}&#8220;][et_pb_image src=&#8220;https:\/\/bieler-akademie.de\/wp-content\/uploads\/2020\/03\/Ida-Bieler-dozenten.jpg&#8220; align=&#8220;center&#8220; disabled_on=&#8220;on|off|off&#8220; _builder_version=&#8220;4.16&#8243; width=&#8220;99%&#8220; border_width_all=&#8220;12px&#8220; border_color_all=&#8220;#ffffff&#8220; global_colors_info=&#8220;{}&#8220;][\/et_pb_image][\/et_pb_column][\/et_pb_row][et_pb_row column_structure=&#8220;1_4,3_4&#8243; _builder_version=&#8220;4.16&#8243; custom_padding=&#8220;50px|||||&#8220; global_colors_info=&#8220;{}&#8220;][et_pb_column type=&#8220;1_4&#8243; _builder_version=&#8220;4.16&#8243; global_colors_info=&#8220;{}&#8220;][et_pb_sidebar _builder_version=&#8220;4.16&#8243; global_colors_info=&#8220;{}&#8220;][\/et_pb_sidebar][et_pb_sidebar area=&#8220;et_pb_widget_area_1&#8243; disabled_on=&#8220;on|on|off&#8220; _builder_version=&#8220;4.16&#8243; header_font=&#8220;|600|||||||&#8220; header_text_color=&#8220;#000000&#8243; header_line_height=&#8220;1.5em&#8220; body_text_color=&#8220;#000000&#8243; body_line_height=&#8220;2.4em&#8220; width_tablet=&#8220;auto&#8220; width_phone=&#8220;&#8220; width_last_edited=&#8220;on|tablet&#8220; border_color_left=&#8220;#bf354c&#8220; global_colors_info=&#8220;{}&#8220;][\/et_pb_sidebar][\/et_pb_column][et_pb_column type=&#8220;3_4&#8243; _builder_version=&#8220;4.16&#8243; global_colors_info=&#8220;{}&#8220;][et_pb_text _builder_version=&#8220;4.22.1&#8243; max_width_tablet=&#8220;100%&#8220; max_width_phone=&#8220;&#8220; max_width_last_edited=&#8220;on|tablet&#8220; module_alignment=&#8220;left&#8220; hover_enabled=&#8220;0&#8243; global_colors_info=&#8220;{}&#8220; sticky_enabled=&#8220;0&#8243;]<\/p>\n<h1>Anastasiia Kolabanova, Gesang<\/h1>\n<p>[\/et_pb_text][et_pb_image src=&#8220;https:\/\/bieler-akademie.de\/wp-content\/uploads\/2023\/09\/Anastasiia-Kolabanova-web.jpg&#8220; _builder_version=&#8220;4.22.1&#8243; width=&#8220;100%&#8220; max_width=&#8220;296px&#8220; hover_enabled=&#8220;0&#8243; global_colors_info=&#8220;{}&#8220; alt=&#8220;Anastasiia Kolabanova, Gesang&#8220; title_text=&#8220;Anastasiia Kolabanova-web&#8220; sticky_enabled=&#8220;0&#8243;][\/et_pb_image][et_pb_text _builder_version=&#8220;4.22.1&#8243; hover_enabled=&#8220;0&#8243; global_colors_info=&#8220;{}&#8220; sticky_enabled=&#8220;0&#8243;]<\/p>\n<p style=\"font-weight: 400; text-align: justify;\">Anastasiia Kolabanova wurde in Moskau geboren und studierte an der Musikschule mit den Hauptf\u00e4chern Gesang, Klavier und Orgel. Nach einem ausgezeichneten Abschluss an der Musikschule studierte sie seit 2015 am Vishnevskaya College in Moskau.<\/p>\n<p style=\"text-align: justify;\">Mit dem Vishnevskaya College tourte sie mit dem Musical &#8222;Rette den Ertrunkenen&#8220;\u00a0 von Mikael Tariverdiev, mit der Oper &#8222;Eugen Onegin&#8220; von Tschaikowsky, mit der Oper &#8222;Carmen&#8220; von Bizet und mit der Operette \u201cDer Zigeunerbaron\u201d von Johann Strauss.<\/p>\n<p style=\"text-align: justify;\">2018 deb\u00fctierte sie als Daphne in der Oper \u201cAminta\u201d von Sergej Gavrilov an der Shostakovich Akademische Philharmonie St.Petersburg Kleine Halle. Sp\u00e4ter tourte sie durch den Moskauer Konzertsaal Zaryadye und das Moskauer Modemuseum.<\/p>\n<p style=\"text-align: justify;\">Anastasiia Kolabanova nahm an Meisterkursen mit Dmitry Vdovin, Kristina Mkhitaryan, Venera Gimadieva, Lubov Kazarnovskaya und Svetlana Nesterenko teil.<\/p>\n<p style=\"text-align: justify;\">2019 trat sie in das Moskauer Popov Academy ein. Dort wirkte sie in einer Produktion von \u201cLe nozze di Figaro\u201d als Suzanne und in einer Produktion von \u201cDon Giovanni\u201d als Zerlina mit. Sie nahm auch an Tourneen und Konzerten des Kammerchors der Akademie teil.<\/p>\n<p style=\"text-align: justify;\">Sie ist Preistr\u00e4gerin internationaler Wettbewerbe. Preistr\u00e4gerin des 1. Preises der Moskauer B\u00fcrgermeister-Stipendien in der Kategorie Gesang. Teilnehmerin an den Allrussischen Delphischen Spielen 2019.<\/p>\n<p style=\"text-align: justify;\">Seit Juli 2022 ist sie S\u00e4ngerin des Frauenensembles \u201eUkraine\u201c.\u00a0 Sie trat im K\u00f6lner RheinEnergieStadion, auf dem Heumarkt, beim Gelb-Blauen Kreuz vor dem Ministerpr\u00e4sidenten von Nordrhein-Westfalen Hendrik W\u00fcst und an weiteren Spielst\u00e4tten in K\u00f6ln, Frechen, Bochum und Kerpen auf.<\/p>\n<p>[\/et_pb_text][\/et_pb_column][\/et_pb_row][\/et_pb_section]<\/p>\n","protected":false},"excerpt":{"rendered":"<p>Anastasiia Kolabanova, GesangAnastasiia Kolabanova wurde in Moskau geboren und studierte an der Musikschule mit den Hauptf\u00e4chern Gesang, Klavier und Orgel. Nach einem ausgezeichneten Abschluss an der Musikschule studierte sie seit 2015 am Vishnevskaya College in Moskau. Mit dem Vishnevskaya College tourte sie mit dem Musical &#8222;Rette den Ertrunkenen&#8220;\u00a0 von Mikael Tariverdiev, mit der Oper &#8222;Eugen [&hellip;]<\/p>\n","protected":false},"author":1,"featured_media":0,"parent":0,"menu_order":0,"comment_status":"closed","ping_status":"closed","template":"","meta":{"_et_pb_use_builder":"on","_et_pb_old_content":"","_et_gb_content_width":"","footnotes":""},"_links":{"self":[{"href":"https:\/\/bieler-akademie.de\/index.php?rest_route=\/wp\/v2\/pages\/916"}],"collection":[{"href":"https:\/\/bieler-akademie.de\/index.php?rest_route=\/wp\/v2\/pages"}],"about":[{"href":"https:\/\/bieler-akademie.de\/index.php?rest_route=\/wp\/v2\/types\/page"}],"author":[{"embeddable":true,"href":"https:\/\/bieler-akademie.de\/index.php?rest_route=\/wp\/v2\/users\/1"}],"replies":[{"embeddable":true,"href":"https:\/\/bieler-akademie.de\/index.php?rest_route=%2Fwp%2Fv2%2Fcomments&post=916"}],"version-history":[{"count":2,"href":"https:\/\/bieler-akademie.de\/index.php?rest_route=\/wp\/v2\/pages\/916\/revisions"}],"predecessor-version":[{"id":920,"href":"https:\/\/bieler-akademie.de\/index.php?rest_route=\/wp\/v2\/pages\/916\/revisions\/920"}],"wp:attachment":[{"href":"https:\/\/bieler-akademie.de\/index.php?rest_route=%2Fwp%2Fv2%2Fmedia&parent=916"}],"curies":[{"name":"wp","href":"https:\/\/api.w.org\/{rel}","templated":true}]}}