{"id":932,"date":"2023-10-09T20:34:54","date_gmt":"2023-10-09T20:34:54","guid":{"rendered":"https:\/\/bieler-akademie.de\/?page_id=932"},"modified":"2023-10-09T20:34:54","modified_gmt":"2023-10-09T20:34:54","slug":"jola-shkodrani-violoncello-2","status":"publish","type":"page","link":"https:\/\/bieler-akademie.de\/?page_id=932","title":{"rendered":"Lena Kravets, Violoncello"},"content":{"rendered":"<p>[et_pb_section fb_built=&#8220;1&#8243; _builder_version=&#8220;4.16&#8243; custom_padding=&#8220;0px|||||&#8220; global_colors_info=&#8220;{}&#8220;][et_pb_row _builder_version=&#8220;4.16&#8243; background_color=&#8220;#000000&#8243; width=&#8220;90%&#8220; custom_margin=&#8220;0px||||false|false&#8220; custom_padding=&#8220;6px||6px|0px|false|false&#8220; global_colors_info=&#8220;{}&#8220;][et_pb_column type=&#8220;4_4&#8243; _builder_version=&#8220;4.16&#8243; global_colors_info=&#8220;{}&#8220;][et_pb_image src=&#8220;https:\/\/bieler-akademie.de\/wp-content\/uploads\/2020\/03\/Ida-Bieler-dozenten.jpg&#8220; align=&#8220;center&#8220; disabled_on=&#8220;on|off|off&#8220; _builder_version=&#8220;4.16&#8243; width=&#8220;99%&#8220; border_width_all=&#8220;12px&#8220; border_color_all=&#8220;#ffffff&#8220; global_colors_info=&#8220;{}&#8220;][\/et_pb_image][\/et_pb_column][\/et_pb_row][et_pb_row column_structure=&#8220;1_4,3_4&#8243; _builder_version=&#8220;4.16&#8243; custom_padding=&#8220;50px|||||&#8220; global_colors_info=&#8220;{}&#8220;][et_pb_column type=&#8220;1_4&#8243; _builder_version=&#8220;4.16&#8243; global_colors_info=&#8220;{}&#8220;][et_pb_sidebar _builder_version=&#8220;4.16&#8243; global_colors_info=&#8220;{}&#8220;][\/et_pb_sidebar][et_pb_sidebar area=&#8220;et_pb_widget_area_1&#8243; disabled_on=&#8220;on|on|off&#8220; _builder_version=&#8220;4.16&#8243; header_font=&#8220;|600|||||||&#8220; header_text_color=&#8220;#000000&#8243; header_line_height=&#8220;1.5em&#8220; body_text_color=&#8220;#000000&#8243; body_line_height=&#8220;2.4em&#8220; width_tablet=&#8220;auto&#8220; width_phone=&#8220;&#8220; width_last_edited=&#8220;on|tablet&#8220; border_color_left=&#8220;#bf354c&#8220; global_colors_info=&#8220;{}&#8220;][\/et_pb_sidebar][\/et_pb_column][et_pb_column type=&#8220;3_4&#8243; _builder_version=&#8220;4.16&#8243; global_colors_info=&#8220;{}&#8220;][et_pb_text _builder_version=&#8220;4.22.2&#8243; max_width_tablet=&#8220;100%&#8220; max_width_phone=&#8220;&#8220; max_width_last_edited=&#8220;on|tablet&#8220; module_alignment=&#8220;left&#8220; hover_enabled=&#8220;0&#8243; global_colors_info=&#8220;{}&#8220; sticky_enabled=&#8220;0&#8243;]<\/p>\n<h1>Lena Kravets, Violoncello<\/h1>\n<p>[\/et_pb_text][et_pb_image src=&#8220;https:\/\/bieler-akademie.de\/wp-content\/uploads\/2023\/10\/Lena-Kravets-Foto-web-1.jpg&#8220; _builder_version=&#8220;4.22.2&#8243; width=&#8220;100%&#8220; max_width=&#8220;296px&#8220; hover_enabled=&#8220;0&#8243; global_colors_info=&#8220;{}&#8220; title_text=&#8220;Lena-Kravets-Foto-web&#8220; sticky_enabled=&#8220;0&#8243;][\/et_pb_image][et_pb_text _builder_version=&#8220;4.22.2&#8243; hover_enabled=&#8220;0&#8243; global_colors_info=&#8220;{}&#8220; sticky_enabled=&#8220;0&#8243;]<\/p>\n<p style=\"text-align: justify;\">Lena Kravets, in Taschkent geboren, lebt in K\u00f6ln und arbeitet als freie Musikerin. Seit 2011 ist sie Mitglied des K\u00f6lner Klassik Ensembles und hat dort das Duo Kravets-Kassung etablliert. Auch im Astor Trio spielt sie in der Besetzung mit Violoncello. Sie arbeitet regelm\u00e4\u00dfig mit dem K\u00f6lner Kammerorchester, dem Neuen Rheinischen Kammerorchester und der Kammerakademie Neuss zusammen ebenso wie mit bekannten K\u00fcnstlern aus der Rock-und Popmusik.<\/p>\n<p style=\"text-align: justify;\">Lena Kravets wuchs in einer Musikerfamilie auf, in der neben klassischer Musik auch begeistert Rock, Jazz und Blues geh\u00f6rt und gespielt wurden. Im Alter von sechs Jahren bekam sie ihren ersten Klavierunterricht am \u201eW. A. Uspenskiy\u201c Musikgymnasium f\u00fcr begabte Kinder. Ein paar Jahre sp\u00e4ter entdeckte sie dann das Violoncello f\u00fcr sich, und die Liebe zu diesem sch\u00f6nen Instrument bestimmte fortan ihren k\u00fcnstlerischen Werdegang. Schon mit 12 Jahren war sie Stimmf\u00fchrerin im Jugendkammerorchester \u201eJunge Talente aus Usbekistan\u201c und wenige Jahre sp\u00e4ter wurde Lena Kravets als Orchestermusikerin und Solistin f\u00fcr zahlreiche Auftritte in den gro\u00dfen Konzerts\u00e4len der Hauptstadt Taschkent eingeladen. In den verschiedenen Orchesterprojekten bewies sie ihre musikalische Begabung, Ehrgeiz und Professionalit\u00e4t so, dass sie bereits mit sechzehn Jahren im Orchester des Opernstudios am Staatlichen Konservatorium von Usbekistan fest angestellt wurde, sowie 2004 eine Aushilfestelle am St\u00e4dtischen Symphonieorchester von Taschkent besetzte.<\/p>\n<p style=\"text-align: justify;\">Lena Kravets studierte an der Hochschule f\u00fcr Musik K\u00f6ln bei Laurentiu Sbarcea wo sie ihr K\u00fcnstlerisches Diplom 2014 mit Auszeichnung ablegte. 2011 etablierte sie mit dem Gitarrist Tobias Kassung im K\u00f6lner Klassik Ensemble das Duo Kravets-Kassung.<\/p>\n<p>[\/et_pb_text][\/et_pb_column][\/et_pb_row][\/et_pb_section]<\/p>\n","protected":false},"excerpt":{"rendered":"<p>Lena Kravets, VioloncelloLena Kravets, in Taschkent geboren, lebt in K\u00f6ln und arbeitet als freie Musikerin. Seit 2011 ist sie Mitglied des K\u00f6lner Klassik Ensembles und hat dort das Duo Kravets-Kassung etablliert. Auch im Astor Trio spielt sie in der Besetzung mit Violoncello. Sie arbeitet regelm\u00e4\u00dfig mit dem K\u00f6lner Kammerorchester, dem Neuen Rheinischen Kammerorchester und der [&hellip;]<\/p>\n","protected":false},"author":1,"featured_media":0,"parent":0,"menu_order":0,"comment_status":"closed","ping_status":"closed","template":"","meta":{"_et_pb_use_builder":"on","_et_pb_old_content":"","_et_gb_content_width":"","footnotes":""},"_links":{"self":[{"href":"https:\/\/bieler-akademie.de\/index.php?rest_route=\/wp\/v2\/pages\/932"}],"collection":[{"href":"https:\/\/bieler-akademie.de\/index.php?rest_route=\/wp\/v2\/pages"}],"about":[{"href":"https:\/\/bieler-akademie.de\/index.php?rest_route=\/wp\/v2\/types\/page"}],"author":[{"embeddable":true,"href":"https:\/\/bieler-akademie.de\/index.php?rest_route=\/wp\/v2\/users\/1"}],"replies":[{"embeddable":true,"href":"https:\/\/bieler-akademie.de\/index.php?rest_route=%2Fwp%2Fv2%2Fcomments&post=932"}],"version-history":[{"count":2,"href":"https:\/\/bieler-akademie.de\/index.php?rest_route=\/wp\/v2\/pages\/932\/revisions"}],"predecessor-version":[{"id":939,"href":"https:\/\/bieler-akademie.de\/index.php?rest_route=\/wp\/v2\/pages\/932\/revisions\/939"}],"wp:attachment":[{"href":"https:\/\/bieler-akademie.de\/index.php?rest_route=%2Fwp%2Fv2%2Fmedia&parent=932"}],"curies":[{"name":"wp","href":"https:\/\/api.w.org\/{rel}","templated":true}]}}